{"id":17,"date":"2023-04-17T10:36:03","date_gmt":"2023-04-17T10:36:03","guid":{"rendered":"http:\/\/www.humanandbrave.com\/?page_id=17"},"modified":"2024-01-28T18:20:35","modified_gmt":"2024-01-28T18:20:35","slug":"formulario-de-datos","status":"publish","type":"page","link":"https:\/\/www.humanandbrave.com\/en\/formulario-de-datos\/","title":{"rendered":"CONTACT FORM"},"content":{"rendered":"<p>[et_pb_section fb_built=\u00bb1&#8243; _builder_version=\u00bb4.24.0&#8243; _module_preset=\u00bbdefault\u00bb use_background_color_gradient=\u00bbon\u00bb background_color_gradient_direction=\u00bb130deg\u00bb background_color_gradient_stops=\u00bbrgba(0,0,0,0.9) 0%|rgba(154,36,53,0.9) 99%\u00bb background_image=\u00bbhttps:\/\/www.humanandbrave.com\/wp-content\/uploads\/2024\/01\/contacto-min.jpg\u00bb background_blend=\u00bbmultiply\u00bb hover_enabled=\u00bb0&#8243; global_colors_info=\u00bb{}\u00bb title_text=\u00bbcontacto-min\u00bb sticky_enabled=\u00bb0&#8243;][et_pb_row column_structure=\u00bb1_2,1_2&#8243; module_class=\u00bbde-inline-buttons \u00bb _builder_version=\u00bb4.20.4&#8243; _module_preset=\u00bbdefault\u00bb global_colors_info=\u00bb{}\u00bb][et_pb_column type=\u00bb1_2&#8243; _builder_version=\u00bb4.20.4&#8243; _module_preset=\u00bbdefault\u00bb global_colors_info=\u00bb{}\u00bb][et_pb_text _builder_version=\u00bb4.21.0&#8243; _module_preset=\u00bbdefault\u00bb text_font=\u00bbLibre Baskerville||||||||\u00bb text_text_color=\u00bb#FFFFFF\u00bb text_font_size=\u00bb20px\u00bb text_line_height=\u00bb26px\u00bb header_font=\u00bbLibre Baskerville|700|||||||\u00bb header_font_size=\u00bb46px\u00bb header_2_font=\u00bbLibre Baskerville|700|||||||\u00bb header_2_text_color=\u00bb#FFFFFF\u00bb header_2_font_size=\u00bb46px\u00bb header_3_font=\u00bbLibre Baskerville|700|||||||\u00bb header_3_font_size=\u00bb46px\u00bb header_4_font=\u00bbLibre Baskerville|700|||||||\u00bb header_4_font_size=\u00bb46px\u00bb header_5_font=\u00bbLibre Baskerville|700|||||||\u00bb header_5_font_size=\u00bb46px\u00bb header_6_font=\u00bbLibre Baskerville|700|||||||\u00bb header_6_font_size=\u00bb46px\u00bb custom_padding=\u00bb50px||50px||false|false\u00bb header_font_size_tablet=\u00bb36px\u00bb header_font_size_phone=\u00bb28px\u00bb header_font_size_last_edited=\u00bbon|desktop\u00bb header_2_font_size_tablet=\u00bb36px\u00bb header_2_font_size_phone=\u00bb28px\u00bb header_2_font_size_last_edited=\u00bbon|desktop\u00bb header_3_font_size_tablet=\u00bb36px\u00bb header_3_font_size_phone=\u00bb28px\u00bb header_3_font_size_last_edited=\u00bbon|desktop\u00bb header_4_font_size_tablet=\u00bb36px\u00bb header_4_font_size_phone=\u00bb28px\u00bb header_4_font_size_last_edited=\u00bbon|desktop\u00bb header_5_font_size_tablet=\u00bb36px\u00bb header_5_font_size_phone=\u00bb28px\u00bb header_5_font_size_last_edited=\u00bbon|desktop\u00bb header_6_font_size_tablet=\u00bb36px\u00bb header_6_font_size_phone=\u00bb28px\u00bb header_6_font_size_last_edited=\u00bbon|desktop\u00bb global_colors_info=\u00bb{}\u00bb]<\/p>\n<h2>Contacto<\/h2>\n<p>[\/et_pb_text][\/et_pb_column][et_pb_column type=\u00bb1_2&#8243; _builder_version=\u00bb4.20.4&#8243; _module_preset=\u00bbdefault\u00bb global_colors_info=\u00bb{}\u00bb][\/et_pb_column][\/et_pb_row][\/et_pb_section][et_pb_section fb_built=\u00bb1&#8243; _builder_version=\u00bb4.20.4&#8243; _module_preset=\u00bbdefault\u00bb use_background_color_gradient=\u00bbon\u00bb background_color_gradient_direction=\u00bb301deg\u00bb background_color_gradient_stops=\u00bb#9a2435 0%|#9a2435 50%|#ffffff 50%\u00bb global_colors_info=\u00bb{}\u00bb][et_pb_row column_structure=\u00bb2_5,3_5&#8243; _builder_version=\u00bb4.20.4&#8243; _module_preset=\u00bbdefault\u00bb global_colors_info=\u00bb{}\u00bb][et_pb_column type=\u00bb2_5&#8243; _builder_version=\u00bb4.20.4&#8243; _module_preset=\u00bbdefault\u00bb global_colors_info=\u00bb{}\u00bb][et_pb_text _builder_version=\u00bb4.20.4&#8243; _module_preset=\u00bbdefault\u00bb text_font=\u00bbLibre Baskerville||||||||\u00bb text_text_color=\u00bb#000000&#8243; text_font_size=\u00bb24px\u00bb text_line_height=\u00bb36px\u00bb header_2_font=\u00bbPoppins|700|||||||\u00bb header_2_text_color=\u00bb#9a2435&#8243; custom_padding=\u00bb||50px||false|false\u00bb text_text_color_tablet=\u00bb#000000&#8243; text_text_color_phone=\u00bb#000000&#8243; text_text_color_last_edited=\u00bbon|phone\u00bb text_font_size_tablet=\u00bb22px\u00bb text_font_size_phone=\u00bb18px\u00bb text_font_size_last_edited=\u00bbon|phone\u00bb global_colors_info=\u00bb{}\u00bb]<\/p>\n<h2>Contacta con nosotros<\/h2>\n<p>Si tienes alguna consulta que hacernos, no dudes en ponerte en contacto con nosotros:[\/et_pb_text][\/et_pb_column][et_pb_column type=\u00bb3_5&#8243; _builder_version=\u00bb4.20.4&#8243; _module_preset=\u00bbdefault\u00bb background_color=\u00bb#FFFFFF\u00bb border_radii=\u00bbon|50px|50px|50px|50px\u00bb box_shadow_style=\u00bbpreset1&#8243; global_colors_info=\u00bb{}\u00bb][et_pb_contact_form use_spam_service=\u00bbon\u00bb recaptcha_list=\u00bbDefault|Default-0&#8243; email=\u00bbinfo@humanandbrave.com\u00bb title=\u00bbFormulario de contacto\u00bb custom_message=\u00bbNombre %%name%%||et_pb_line_break_holder||E-Mail: %%Email%%||et_pb_line_break_holder||Tel.: %%Tel%%||et_pb_line_break_holder||Mensaje: %%Message%%||et_pb_line_break_holder||Acepto: %%Acepto%%\u00bb success_message=\u00bbSu mensaje se ha enviado con \u00e9xito.\u00bb _builder_version=\u00bb4.21.0&#8243; _module_preset=\u00bbdefault\u00bb _unique_id=\u00bb4f9009ec-34b7-47ec-af81-db50b9030fb6&#8243; title_level=\u00bbh3&#8243; title_font=\u00bb|700|||||||\u00bb background_enable_color=\u00bboff\u00bb custom_padding=\u00bb50px|50px|50px|50px|false|false\u00bb custom_padding_tablet=\u00bb50px|50px|50px|50px|false|false\u00bb custom_padding_phone=\u00bb50px|50px|50px|50px|false|false\u00bb custom_padding_last_edited=\u00bbon|phone\u00bb border_width_all=\u00bb1px\u00bb border_color_all=\u00bb#dbdbdb\u00bb global_colors_info=\u00bb{}\u00bb][et_pb_contact_field field_id=\u00bbName\u00bb field_title=\u00bbNombre y apellidos\u00bb fullwidth_field=\u00bbon\u00bb _builder_version=\u00bb4.21.0&#8243; global_colors_info=\u00bb{}\u00bb button_text_size__hover_enabled=\u00bboff\u00bb button_one_text_size__hover_enabled=\u00bboff\u00bb button_two_text_size__hover_enabled=\u00bboff\u00bb button_text_color__hover_enabled=\u00bboff\u00bb button_one_text_color__hover_enabled=\u00bboff\u00bb button_two_text_color__hover_enabled=\u00bboff\u00bb button_border_width__hover_enabled=\u00bboff\u00bb button_one_border_width__hover_enabled=\u00bboff\u00bb button_two_border_width__hover_enabled=\u00bboff\u00bb button_border_color__hover_enabled=\u00bboff\u00bb button_one_border_color__hover_enabled=\u00bboff\u00bb button_two_border_color__hover_enabled=\u00bboff\u00bb button_border_radius__hover_enabled=\u00bboff\u00bb button_one_border_radius__hover_enabled=\u00bboff\u00bb button_two_border_radius__hover_enabled=\u00bboff\u00bb button_letter_spacing__hover_enabled=\u00bboff\u00bb button_one_letter_spacing__hover_enabled=\u00bboff\u00bb button_two_letter_spacing__hover_enabled=\u00bboff\u00bb button_bg_color__hover_enabled=\u00bboff\u00bb button_one_bg_color__hover_enabled=\u00bboff\u00bb button_two_bg_color__hover_enabled=\u00bboff\u00bb][\/et_pb_contact_field][et_pb_contact_field field_id=\u00bbEmail\u00bb field_title=\u00bbEmail\u00bb field_type=\u00bbemail\u00bb fullwidth_field=\u00bbon\u00bb _builder_version=\u00bb4.21.0&#8243; global_colors_info=\u00bb{}\u00bb button_text_size__hover_enabled=\u00bboff\u00bb button_one_text_size__hover_enabled=\u00bboff\u00bb button_two_text_size__hover_enabled=\u00bboff\u00bb button_text_color__hover_enabled=\u00bboff\u00bb button_one_text_color__hover_enabled=\u00bboff\u00bb button_two_text_color__hover_enabled=\u00bboff\u00bb button_border_width__hover_enabled=\u00bboff\u00bb button_one_border_width__hover_enabled=\u00bboff\u00bb button_two_border_width__hover_enabled=\u00bboff\u00bb button_border_color__hover_enabled=\u00bboff\u00bb button_one_border_color__hover_enabled=\u00bboff\u00bb button_two_border_color__hover_enabled=\u00bboff\u00bb button_border_radius__hover_enabled=\u00bboff\u00bb button_one_border_radius__hover_enabled=\u00bboff\u00bb button_two_border_radius__hover_enabled=\u00bboff\u00bb button_letter_spacing__hover_enabled=\u00bboff\u00bb button_one_letter_spacing__hover_enabled=\u00bboff\u00bb button_two_letter_spacing__hover_enabled=\u00bboff\u00bb button_bg_color__hover_enabled=\u00bboff\u00bb button_one_bg_color__hover_enabled=\u00bboff\u00bb button_two_bg_color__hover_enabled=\u00bboff\u00bb][\/et_pb_contact_field][et_pb_contact_field field_id=\u00bbTel\u00bb field_title=\u00bbTel\u00e9fono\u00bb fullwidth_field=\u00bbon\u00bb _builder_version=\u00bb4.21.0&#8243; _module_preset=\u00bbdefault\u00bb global_colors_info=\u00bb{}\u00bb][\/et_pb_contact_field][et_pb_contact_field field_id=\u00bbMessage\u00bb field_title=\u00bbAsunto y Mensaje\u00bb field_type=\u00bbtext\u00bb fullwidth_field=\u00bbon\u00bb _builder_version=\u00bb4.21.0&#8243; global_colors_info=\u00bb{}\u00bb button_text_size__hover_enabled=\u00bboff\u00bb button_one_text_size__hover_enabled=\u00bboff\u00bb button_two_text_size__hover_enabled=\u00bboff\u00bb button_text_color__hover_enabled=\u00bboff\u00bb button_one_text_color__hover_enabled=\u00bboff\u00bb button_two_text_color__hover_enabled=\u00bboff\u00bb button_border_width__hover_enabled=\u00bboff\u00bb button_one_border_width__hover_enabled=\u00bboff\u00bb button_two_border_width__hover_enabled=\u00bboff\u00bb button_border_color__hover_enabled=\u00bboff\u00bb button_one_border_color__hover_enabled=\u00bboff\u00bb button_two_border_color__hover_enabled=\u00bboff\u00bb button_border_radius__hover_enabled=\u00bboff\u00bb button_one_border_radius__hover_enabled=\u00bboff\u00bb button_two_border_radius__hover_enabled=\u00bboff\u00bb button_letter_spacing__hover_enabled=\u00bboff\u00bb button_one_letter_spacing__hover_enabled=\u00bboff\u00bb button_two_letter_spacing__hover_enabled=\u00bboff\u00bb button_bg_color__hover_enabled=\u00bboff\u00bb button_one_bg_color__hover_enabled=\u00bboff\u00bb button_two_bg_color__hover_enabled=\u00bboff\u00bb][\/et_pb_contact_field][et_pb_contact_field field_id=\u00bbAcepto\u00bb field_title=\u00bb \u00bb field_type=\u00bbcheckbox\u00bb checkbox_options=\u00bb%91{%22value%22:%22Doy mi consentimiento para que HUMAN &#038; BRAVE proceda al tratamiento de mis datos personales para facilitar informaci\u00f3n sobre productos y servicios.%22,%22checked%22:0,%22dragID%22:-1},{%22value%22:%22Doy mi consentimiento para que HUMAN &#038; BRAVE me remita informaci\u00f3n comercial sobre sus productos y servicios por v\u00eda electr\u00f3nica.%22,%22checked%22:0,%22dragID%22:0},{%22value%22:%22He le\u00eddo y acepto la pol\u00edtica de Protecci\u00f3n de datos personales%22,%22checked%22:0,%22dragID%22:1}%93&#8243; fullwidth_field=\u00bbon\u00bb _builder_version=\u00bb4.21.0&#8243; _module_preset=\u00bbdefault\u00bb global_colors_info=\u00bb{}\u00bb][\/et_pb_contact_field][\/et_pb_contact_form][\/et_pb_column][\/et_pb_row][\/et_pb_section]<\/p>\n<span class=\"et_bloom_bottom_trigger\"><\/span>","protected":false},"excerpt":{"rendered":"<p>ContactoContacta con nosotros Si tienes alguna consulta que hacernos, no dudes en ponerte en contacto con nosotros:<\/p>","protected":false},"author":1,"featured_media":0,"parent":0,"menu_order":0,"comment_status":"closed","ping_status":"closed","template":"","meta":{"_et_pb_use_builder":"on","_et_pb_old_content":"<!-- wp:divi\/placeholder \/-->","_et_gb_content_width":"","inline_featured_image":false,"footnotes":""},"class_list":["post-17","page","type-page","status-publish","hentry"],"yoast_head":"<!-- This site is optimized with the Yoast SEO plugin v27.5 - https:\/\/yoast.com\/product\/yoast-seo-wordpress\/ -->\n<title>Formulario de datos - Human &amp; Brave<\/title>\n<meta name=\"robots\" content=\"index, follow, max-snippet:-1, max-image-preview:large, max-video-preview:-1\" \/>\n<link rel=\"canonical\" href=\"https:\/\/www.humanandbrave.com\/en\/formulario-de-datos\/\" \/>\n<meta property=\"og:locale\" content=\"en_GB\" \/>\n<meta property=\"og:type\" content=\"article\" \/>\n<meta property=\"og:title\" content=\"Formulario de datos - Human &amp; Brave\" \/>\n<meta property=\"og:description\" content=\"ContactoContacta con nosotros Si tienes alguna consulta que hacernos, no dudes en ponerte en contacto con nosotros:\" \/>\n<meta property=\"og:url\" content=\"https:\/\/www.humanandbrave.com\/en\/formulario-de-datos\/\" \/>\n<meta property=\"og:site_name\" content=\"Human &amp; Brave\" \/>\n<meta property=\"article:publisher\" content=\"https:\/\/www.facebook.com\/humanandbrave\/\" \/>\n<meta property=\"article:modified_time\" content=\"2024-01-28T18:20:35+00:00\" \/>\n<meta name=\"twitter:card\" content=\"summary_large_image\" \/>\n<meta name=\"twitter:label1\" content=\"Estimated reading time\" \/>\n\t<meta name=\"twitter:data1\" content=\"2 minutes\" \/>\n<script type=\"application\/ld+json\" class=\"yoast-schema-graph\">{\"@context\":\"https:\\\/\\\/schema.org\",\"@graph\":[{\"@type\":\"WebPage\",\"@id\":\"https:\\\/\\\/www.humanandbrave.com\\\/formulario-de-datos\\\/\",\"url\":\"https:\\\/\\\/www.humanandbrave.com\\\/formulario-de-datos\\\/\",\"name\":\"Formulario de datos - Human &amp; Brave\",\"isPartOf\":{\"@id\":\"https:\\\/\\\/www.humanandbrave.com\\\/#website\"},\"datePublished\":\"2023-04-17T10:36:03+00:00\",\"dateModified\":\"2024-01-28T18:20:35+00:00\",\"breadcrumb\":{\"@id\":\"https:\\\/\\\/www.humanandbrave.com\\\/formulario-de-datos\\\/#breadcrumb\"},\"inLanguage\":\"en-GB\",\"potentialAction\":[{\"@type\":\"ReadAction\",\"target\":[\"https:\\\/\\\/www.humanandbrave.com\\\/formulario-de-datos\\\/\"]}]},{\"@type\":\"BreadcrumbList\",\"@id\":\"https:\\\/\\\/www.humanandbrave.com\\\/formulario-de-datos\\\/#breadcrumb\",\"itemListElement\":[{\"@type\":\"ListItem\",\"position\":1,\"name\":\"Portada\",\"item\":\"https:\\\/\\\/www.humanandbrave.com\\\/\"},{\"@type\":\"ListItem\",\"position\":2,\"name\":\"Formulario de datos\"}]},{\"@type\":\"WebSite\",\"@id\":\"https:\\\/\\\/www.humanandbrave.com\\\/#website\",\"url\":\"https:\\\/\\\/www.humanandbrave.com\\\/\",\"name\":\"Human & Brave\",\"description\":\"Chequeo de Salud Empresarial&reg;\",\"potentialAction\":[{\"@type\":\"SearchAction\",\"target\":{\"@type\":\"EntryPoint\",\"urlTemplate\":\"https:\\\/\\\/www.humanandbrave.com\\\/?s={search_term_string}\"},\"query-input\":{\"@type\":\"PropertyValueSpecification\",\"valueRequired\":true,\"valueName\":\"search_term_string\"}}],\"inLanguage\":\"en-GB\"}]}<\/script>\n<!-- \/ Yoast SEO plugin. -->","yoast_head_json":{"title":"Formulario de datos - Human &amp; Brave","robots":{"index":"index","follow":"follow","max-snippet":"max-snippet:-1","max-image-preview":"max-image-preview:large","max-video-preview":"max-video-preview:-1"},"canonical":"https:\/\/www.humanandbrave.com\/en\/formulario-de-datos\/","og_locale":"en_GB","og_type":"article","og_title":"Formulario de datos - Human &amp; Brave","og_description":"ContactoContacta con nosotros Si tienes alguna consulta que hacernos, no dudes en ponerte en contacto con nosotros:","og_url":"https:\/\/www.humanandbrave.com\/en\/formulario-de-datos\/","og_site_name":"Human &amp; Brave","article_publisher":"https:\/\/www.facebook.com\/humanandbrave\/","article_modified_time":"2024-01-28T18:20:35+00:00","twitter_card":"summary_large_image","twitter_misc":{"Estimated reading time":"2 minutes"},"schema":{"@context":"https:\/\/schema.org","@graph":[{"@type":"WebPage","@id":"https:\/\/www.humanandbrave.com\/formulario-de-datos\/","url":"https:\/\/www.humanandbrave.com\/formulario-de-datos\/","name":"Formulario de datos - Human &amp; Brave","isPartOf":{"@id":"https:\/\/www.humanandbrave.com\/#website"},"datePublished":"2023-04-17T10:36:03+00:00","dateModified":"2024-01-28T18:20:35+00:00","breadcrumb":{"@id":"https:\/\/www.humanandbrave.com\/formulario-de-datos\/#breadcrumb"},"inLanguage":"en-GB","potentialAction":[{"@type":"ReadAction","target":["https:\/\/www.humanandbrave.com\/formulario-de-datos\/"]}]},{"@type":"BreadcrumbList","@id":"https:\/\/www.humanandbrave.com\/formulario-de-datos\/#breadcrumb","itemListElement":[{"@type":"ListItem","position":1,"name":"Portada","item":"https:\/\/www.humanandbrave.com\/"},{"@type":"ListItem","position":2,"name":"Formulario de datos"}]},{"@type":"WebSite","@id":"https:\/\/www.humanandbrave.com\/#website","url":"https:\/\/www.humanandbrave.com\/","name":"Human & Brave","description":"Chequeo de Salud Empresarial&reg;","potentialAction":[{"@type":"SearchAction","target":{"@type":"EntryPoint","urlTemplate":"https:\/\/www.humanandbrave.com\/?s={search_term_string}"},"query-input":{"@type":"PropertyValueSpecification","valueRequired":true,"valueName":"search_term_string"}}],"inLanguage":"en-GB"}]}},"_links":{"self":[{"href":"https:\/\/www.humanandbrave.com\/en\/wp-json\/wp\/v2\/pages\/17","targetHints":{"allow":["GET"]}}],"collection":[{"href":"https:\/\/www.humanandbrave.com\/en\/wp-json\/wp\/v2\/pages"}],"about":[{"href":"https:\/\/www.humanandbrave.com\/en\/wp-json\/wp\/v2\/types\/page"}],"author":[{"embeddable":true,"href":"https:\/\/www.humanandbrave.com\/en\/wp-json\/wp\/v2\/users\/1"}],"replies":[{"embeddable":true,"href":"https:\/\/www.humanandbrave.com\/en\/wp-json\/wp\/v2\/comments?post=17"}],"version-history":[{"count":17,"href":"https:\/\/www.humanandbrave.com\/en\/wp-json\/wp\/v2\/pages\/17\/revisions"}],"predecessor-version":[{"id":1152,"href":"https:\/\/www.humanandbrave.com\/en\/wp-json\/wp\/v2\/pages\/17\/revisions\/1152"}],"wp:attachment":[{"href":"https:\/\/www.humanandbrave.com\/en\/wp-json\/wp\/v2\/media?parent=17"}],"curies":[{"name":"wp","href":"https:\/\/api.w.org\/{rel}","templated":true}]}}