{"id":35,"date":"2023-04-17T10:38:31","date_gmt":"2023-04-17T10:38:31","guid":{"rendered":"http:\/\/www.humanandbrave.com\/?page_id=35"},"modified":"2023-05-31T09:47:35","modified_gmt":"2023-05-31T09:47:35","slug":"politica-de-cookies","status":"publish","type":"page","link":"https:\/\/www.humanandbrave.com\/en\/politica-de-cookies\/","title":{"rendered":"Cookies Policy"},"content":{"rendered":"<p>[et_pb_section fb_built=\u00bb1&#8243; _builder_version=\u00bb4.21.0&#8243; _module_preset=\u00bbdefault\u00bb global_colors_info=\u00bb{}\u00bb][et_pb_row _builder_version=\u00bb4.21.0&#8243; _module_preset=\u00bbdefault\u00bb global_colors_info=\u00bb{}\u00bb][et_pb_column type=\u00bb4_4&#8243; _builder_version=\u00bb4.21.0&#8243; _module_preset=\u00bbdefault\u00bb global_colors_info=\u00bb{}\u00bb][et_pb_text _builder_version=\u00bb4.21.0&#8243; _module_preset=\u00bbdefault\u00bb hover_enabled=\u00bb0&#8243; global_colors_info=\u00bb{}\u00bb sticky_enabled=\u00bb0&#8243;]<\/p>\n<p>En cumplimiento del art\u00edculo 22.2 de la Ley 34\/2002, de Servicios de la Sociedad de la Informaci\u00f3n, informamos a los usuarios de nuestro sitio web de nuestra Pol\u00edtica de uso de Cookies.<\/p>\n<p><strong>\u00bfQu\u00e9 es una Cookie?<\/strong><\/p>\n<p><strong>\u00a0<\/strong><br \/>Las cookies son archivos que contienen peque\u00f1as cantidades de informaci\u00f3n que se descargan en el dispositivo del usuario que se utiliza cuando visitas nuestro sitio web. Su finalidad principal es reconocer al usuario (mediante identificadores que no permiten identificarlo con persona f\u00edsica alguna) cada vez que accede al sitio web y nos permite, adem\u00e1s, mejorar la calidad y la usabilidad de nuestros sitios web. Las cookies son esenciales para el funcionamiento de Internet; no pueden da\u00f1ar el equipo\/dispositivo del usuario y, si se encuentran activadas en la configuraci\u00f3n de tu navegador, nos ayudan a identificar y resolver posibles errores de funcionamiento de nuestro sitio web.<\/p>\n<p>&nbsp;<\/p>\n<p><strong>Tipos de Cookies<\/strong><\/p>\n<p>Hay diferentes tipos de cookies. Todos ellos trabajan de la misma manera, pero tienen peque\u00f1as diferencias:<\/p>\n<ul>\n<li>Cookies de Sesi\u00f3n. Las cookies de sesi\u00f3n duran solamente por la duraci\u00f3n de la visita y se borran cuando el usuario cierra el navegador. Su finalidad principal es identificar el tipo de dispositivo, apoyar la seguridad sitio web o su funcionalidad b\u00e1sica. No contienen informaci\u00f3n personal que permita identificar a una persona.<\/li>\n<li>Cookies Persistentes o Permanentes: Se almacenan en el disco duro del dispositivo y el sitio web las lee cada vez que el usuario realiza una nueva visita al sitio web; poseen una fecha de caducidad o expiraci\u00f3n determinada, cumplida la cual la cookie deja de funcionar. Permiten identificar las acciones y preferencias del usuario; analizar las visitas y ayudan a comprender c\u00f3mo llegan los usuarios al sitio web y mejorar los servicios ofrecidos por el mismo.<\/li>\n<li>Cookies de Funcionalidad: Permiten recordar decisiones adoptadas por el usuario, como su login o identificador. La informaci\u00f3n de estas cookies es an\u00f3nima (es decir, no contiene nombre, direcci\u00f3n, u otros datos personales).<\/li>\n<li>Cookies de Terceros. Las cookies de terceros son las cookies que instala un sitio web que no es el que el usuario est\u00e1 visitando; por ejemplo, las usadas por redes sociales (como Facebook) o por complementos externos de contenido (como Google Maps).<\/li>\n<li>Cookies Anal\u00edticas: Son cookies que tienen por finalidad el mantenimiento peri\u00f3dico y garantizar el mejor funcionamiento y servicio al usuario; recopilando datos de su actividad.<\/li>\n<\/ul>\n<p><strong>\u00a0<\/strong><\/p>\n<p><strong>Uso de Cookies por parte de <\/strong><strong>HUMAN AND BRAVE, S.L.,<\/strong><br \/>Mediante el acceso a nuestro sitio web, el usuario acepta de manera expresa que podamos usar este tipo de cookies en sus dispositivos. No obstante, si desactiva las cookies, no afectar\u00e1 a la navegaci\u00f3n en nuestros sitios web.<\/p>\n<p>&nbsp;<\/p>\n<table width=\"406\">\n<tbody>\n<tr>\n<td width=\"78\"><strong>Nombre<\/strong><\/td>\n<td width=\"64\"><strong>Propia \/ de terceros<\/strong><\/td>\n<td width=\"64\"><strong>Duraci\u00f3n<\/strong><\/td>\n<td width=\"201\"><strong>Finalidad<\/strong><\/td>\n<\/tr>\n<tr>\n<td width=\"78\"><strong>\u00a0<\/strong><\/td>\n<td width=\"64\">\u00a0<\/td>\n<td width=\"64\">\u00a0<\/td>\n<td width=\"201\">\u00a0<\/td>\n<\/tr>\n<tr>\n<td width=\"78\"><strong>\u00a0<\/strong><\/td>\n<td width=\"64\">\u00a0<\/td>\n<td width=\"64\">\u00a0<\/td>\n<td width=\"201\">\u00a0<\/td>\n<\/tr>\n<tr>\n<td width=\"78\"><strong>\u00a0<\/strong><\/td>\n<td width=\"64\">\u00a0<\/td>\n<td width=\"64\">\u00a0<\/td>\n<td width=\"201\">\u00a0<\/td>\n<\/tr>\n<tr>\n<td width=\"78\"><strong>\u00a0<\/strong><\/td>\n<td width=\"64\">\u00a0<\/td>\n<td width=\"64\">\u00a0<\/td>\n<td width=\"201\">\u00a0<\/td>\n<\/tr>\n<\/tbody>\n<\/table>\n<p>&nbsp;<\/p>\n<p>&nbsp;<\/p>\n<p><strong>Configuraci\u00f3n del usuario para evitar Cookies<\/strong><\/p>\n<p>&nbsp;<\/p>\n<p>Al navegar y continuar en nuestro sitio web estar\u00e1 consintiendo el uso de las cookies\u00a0 en las condiciones contenidas en la presente \u00abPol\u00edtica de cookies\u00bb. <strong>HUMAN AND BRAVE, S.L.,<\/strong> proporciona acceso a esta \u00abPol\u00edtica de cookies\u00bb en el momento del acceso por primera vez, con el objetivo de que el usuario est\u00e9 informado, y sin perjuicio de que \u00e9ste pueda ejercer su derecho a bloquear, eliminar y rechazar el uso de\u00a0<em>cookies<\/em>\u00a0en todo momento.<\/p>\n<p>En cualquier caso informamos de que, dado que las\u00a0cookies\u00a0no son necesarias para el uso de nuestro sitio web, puede bloquearlas o deshabilitarlas activando la configuraci\u00f3n de su navegador, que permite rechazar la instalaci\u00f3n de todas las\u00a0cookies\u00a0o de algunas de ellas. La mayor\u00eda de los navegadores permiten advertir de la presencia de\u00a0cookies\u00a0\u00a0o rechazarlas autom\u00e1ticamente. Si las rechaza podr\u00e1 seguir usando nuestro Sitio Web, aunque el uso de algunos de sus servicios podr\u00e1 ser limitado y por tanto su experiencia en nuestro sitio web menos satisfactoria.<\/p>\n<p>La siguiente informaci\u00f3n facilita al usuario la forma de configurar su navegador o navegadores de Internet para mantener su privacidad y seguridad en relaci\u00f3n a las cookies. Para ello, facilitamos la informaci\u00f3n y enlaces a los sitos de soporte oficiales de los principales navegadores. Con dichas ayudas, el usuario puede bloquear las cookies a trav\u00e9s de las herramientas de configuraci\u00f3n del navegador o bien configurarlo para que le avise cuando un servidor quiera guardar una cookie.<\/p>\n<ul>\n<li>Internet Explorer\u2122 :\n<ul>\n<li>Versi\u00f3n 5<br \/><a href=\"http:\/\/support.microsoft.com\/kb\/196955\/es\">http:\/\/support.microsoft.com\/kb\/196955\/es<\/a><\/li>\n<li>Versi\u00f3n 6<br \/><a href=\"http:\/\/support.microsoft.com\/kb\/283185\/es\">http:\/\/support.microsoft.com\/kb\/283185\/es<\/a><\/li>\n<li>Versi\u00f3n 7 y 8<br \/><a href=\"http:\/\/windows.microsoft.com\/es-ES\/windows-vista\/Block-or-allow-cookies\">http:\/\/windows.microsoft.com\/es-ES\/windows-vista\/Block-or-allow-cookies<\/a><\/li>\n<li>Versi\u00f3n 9<br \/><a href=\"http:\/\/windows.microsoft.com\/es-ES\/windows7\/How-to-manage-cookies-in-Internet-Explorer-9\">http:\/\/windows.microsoft.com\/es-ES\/windows7\/How-to-manage-cookies-in-Internet-Explorer-9<\/a><\/li>\n<li>Versi\u00f3n 10 y 11<\/li>\n<\/ul>\n<\/li>\n<\/ul>\n<p><a href=\"https:\/\/support.microsoft.com\/es-es\/help\/17442\/windows-internet-explorer-delete-manage-cookies\">https:\/\/support.microsoft.com\/es-es\/help\/17442\/windows-internet-explorer-delete-manage-cookies<\/a><\/p>\n<p>&nbsp;<\/p>\n<p>Safari\u2122:<\/p>\n<p><a href=\"https:\/\/support.apple.com\/kb\/ph21411?locale=es_ES\">https:\/\/support.apple.com\/kb\/ph21411?locale=es_ES<\/a><\/p>\n<p>Safari para Iphone; Ipad o IpadTouch:<\/p>\n<p><a href=\"https:\/\/support.apple.com\/es-es\/HT201265\">https:\/\/support.apple.com\/es-es\/HT201265<\/a><\/p>\n<ul>\n<li>Chrome\u2122<\/li>\n<\/ul>\n<p><a href=\"https:\/\/support.google.com\/chrome\/answer\/95647?co=GENIE.Platform%3DDesktop&amp;hl=es\">https:\/\/support.google.com\/chrome\/answer\/95647?co=GENIE.Platform%3DDesktop&amp;hl=es<\/a><\/p>\n<ul>\n<li>Firefox\u2122:<br \/><a href=\"https:\/\/support.mozilla.org\/t5\/Cookies-y-cach%C3%A9\/Habilitar-y-deshabilitar-cookies-que-los-sitios-web-utilizan\/ta-p\/13811\">https:\/\/support.mozilla.org\/t5\/Cookies-y-cach%C3%A9\/Habilitar-y-deshabilitar-cookies-que-los-sitios-web-utilizan\/ta-p\/13811<\/a><\/li>\n<li>Opera\u2122 :<br \/><a href=\"http:\/\/help.opera.com\/Windows\/11.50\/es-ES\/cookies.html\">http:\/\/help.opera.com\/Windows\/11.50\/es-ES\/cookies.html<\/a><\/li>\n<li>Android<br \/><a href=\"https:\/\/support.google.com\/chrome\/answer\/95647?co=GENIE.Platform%3DAndroid&amp;hl=es-419\">https:\/\/support.google.com\/chrome\/answer\/95647?co=GENIE.Platform%3DAndroid&amp;hl=es-419<\/a><\/li>\n<li>Windows Phone<br \/><a href=\"https:\/\/support.microsoft.com\/es-es\/help\/17442\/windows-internet-explorer-delete-manage-cookies\">https:\/\/support.microsoft.com\/es-es\/help\/17442\/windows-internet-explorer-delete-manage-cookies<\/a><\/li>\n<li>Blackberry<br \/><a href=\"https:\/\/help.blackberry.com\/es\/blackberry-z10\/10.3.2\/help\/mwa1334238823957.html\">https:\/\/help.blackberry.com\/es\/blackberry-z10\/10.3.2\/help\/mwa1334238823957.html<\/a><\/li>\n<\/ul>\n<p>&nbsp;<\/p>\n<p>&nbsp;<\/p>\n<p>[\/et_pb_text][\/et_pb_column][\/et_pb_row][\/et_pb_section]<\/p>\n<span class=\"et_bloom_bottom_trigger\"><\/span>","protected":false},"excerpt":{"rendered":"<p>En cumplimiento del art\u00edculo 22.2 de la Ley 34\/2002, de Servicios de la Sociedad de la Informaci\u00f3n, informamos a los usuarios de nuestro sitio web de nuestra Pol\u00edtica de uso de Cookies. \u00bfQu\u00e9 es una Cookie? \u00a0Las cookies son archivos que contienen peque\u00f1as cantidades de informaci\u00f3n que se descargan en el dispositivo del usuario que [&hellip;]<\/p>\n","protected":false},"author":1,"featured_media":0,"parent":0,"menu_order":0,"comment_status":"closed","ping_status":"closed","template":"","meta":{"_et_pb_use_builder":"on","_et_pb_old_content":"<!-- wp:divi\/placeholder \/-->","_et_gb_content_width":"","inline_featured_image":false,"footnotes":""},"class_list":["post-35","page","type-page","status-publish","hentry"],"yoast_head":"<!-- This site is optimized with the Yoast SEO plugin v27.5 - https:\/\/yoast.com\/product\/yoast-seo-wordpress\/ -->\n<title>Pol\u00edtica de Cookies - Human &amp; Brave<\/title>\n<meta name=\"robots\" content=\"index, follow, max-snippet:-1, max-image-preview:large, max-video-preview:-1\" \/>\n<link rel=\"canonical\" href=\"https:\/\/www.humanandbrave.com\/en\/politica-de-cookies\/\" \/>\n<meta property=\"og:locale\" content=\"en_GB\" \/>\n<meta property=\"og:type\" content=\"article\" \/>\n<meta property=\"og:title\" content=\"Pol\u00edtica de Cookies - Human &amp; Brave\" \/>\n<meta property=\"og:description\" content=\"En cumplimiento del art\u00edculo 22.2 de la Ley 34\/2002, de Servicios de la Sociedad de la Informaci\u00f3n, informamos a los usuarios de nuestro sitio web de nuestra Pol\u00edtica de uso de Cookies. \u00bfQu\u00e9 es una Cookie? \u00a0Las cookies son archivos que contienen peque\u00f1as cantidades de informaci\u00f3n que se descargan en el dispositivo del usuario que [&hellip;]\" \/>\n<meta property=\"og:url\" content=\"https:\/\/www.humanandbrave.com\/en\/politica-de-cookies\/\" \/>\n<meta property=\"og:site_name\" content=\"Human &amp; Brave\" \/>\n<meta property=\"article:publisher\" content=\"https:\/\/www.facebook.com\/humanandbrave\/\" \/>\n<meta property=\"article:modified_time\" content=\"2023-05-31T09:47:35+00:00\" \/>\n<meta name=\"twitter:card\" content=\"summary_large_image\" \/>\n<meta name=\"twitter:label1\" content=\"Estimated reading time\" \/>\n\t<meta name=\"twitter:data1\" content=\"5 minutes\" \/>\n<script type=\"application\/ld+json\" class=\"yoast-schema-graph\">{\"@context\":\"https:\\\/\\\/schema.org\",\"@graph\":[{\"@type\":\"WebPage\",\"@id\":\"https:\\\/\\\/www.humanandbrave.com\\\/politica-de-cookies\\\/\",\"url\":\"https:\\\/\\\/www.humanandbrave.com\\\/politica-de-cookies\\\/\",\"name\":\"Pol\u00edtica de Cookies - Human &amp; Brave\",\"isPartOf\":{\"@id\":\"https:\\\/\\\/www.humanandbrave.com\\\/#website\"},\"datePublished\":\"2023-04-17T10:38:31+00:00\",\"dateModified\":\"2023-05-31T09:47:35+00:00\",\"breadcrumb\":{\"@id\":\"https:\\\/\\\/www.humanandbrave.com\\\/politica-de-cookies\\\/#breadcrumb\"},\"inLanguage\":\"en-GB\",\"potentialAction\":[{\"@type\":\"ReadAction\",\"target\":[\"https:\\\/\\\/www.humanandbrave.com\\\/politica-de-cookies\\\/\"]}]},{\"@type\":\"BreadcrumbList\",\"@id\":\"https:\\\/\\\/www.humanandbrave.com\\\/politica-de-cookies\\\/#breadcrumb\",\"itemListElement\":[{\"@type\":\"ListItem\",\"position\":1,\"name\":\"Portada\",\"item\":\"https:\\\/\\\/www.humanandbrave.com\\\/\"},{\"@type\":\"ListItem\",\"position\":2,\"name\":\"Pol\u00edtica de Cookies\"}]},{\"@type\":\"WebSite\",\"@id\":\"https:\\\/\\\/www.humanandbrave.com\\\/#website\",\"url\":\"https:\\\/\\\/www.humanandbrave.com\\\/\",\"name\":\"Human & Brave\",\"description\":\"Chequeo de Salud Empresarial&reg;\",\"potentialAction\":[{\"@type\":\"SearchAction\",\"target\":{\"@type\":\"EntryPoint\",\"urlTemplate\":\"https:\\\/\\\/www.humanandbrave.com\\\/?s={search_term_string}\"},\"query-input\":{\"@type\":\"PropertyValueSpecification\",\"valueRequired\":true,\"valueName\":\"search_term_string\"}}],\"inLanguage\":\"en-GB\"}]}<\/script>\n<!-- \/ Yoast SEO plugin. -->","yoast_head_json":{"title":"Pol\u00edtica de Cookies - Human &amp; Brave","robots":{"index":"index","follow":"follow","max-snippet":"max-snippet:-1","max-image-preview":"max-image-preview:large","max-video-preview":"max-video-preview:-1"},"canonical":"https:\/\/www.humanandbrave.com\/en\/politica-de-cookies\/","og_locale":"en_GB","og_type":"article","og_title":"Pol\u00edtica de Cookies - Human &amp; Brave","og_description":"En cumplimiento del art\u00edculo 22.2 de la Ley 34\/2002, de Servicios de la Sociedad de la Informaci\u00f3n, informamos a los usuarios de nuestro sitio web de nuestra Pol\u00edtica de uso de Cookies. \u00bfQu\u00e9 es una Cookie? \u00a0Las cookies son archivos que contienen peque\u00f1as cantidades de informaci\u00f3n que se descargan en el dispositivo del usuario que [&hellip;]","og_url":"https:\/\/www.humanandbrave.com\/en\/politica-de-cookies\/","og_site_name":"Human &amp; Brave","article_publisher":"https:\/\/www.facebook.com\/humanandbrave\/","article_modified_time":"2023-05-31T09:47:35+00:00","twitter_card":"summary_large_image","twitter_misc":{"Estimated reading time":"5 minutes"},"schema":{"@context":"https:\/\/schema.org","@graph":[{"@type":"WebPage","@id":"https:\/\/www.humanandbrave.com\/politica-de-cookies\/","url":"https:\/\/www.humanandbrave.com\/politica-de-cookies\/","name":"Pol\u00edtica de Cookies - Human &amp; Brave","isPartOf":{"@id":"https:\/\/www.humanandbrave.com\/#website"},"datePublished":"2023-04-17T10:38:31+00:00","dateModified":"2023-05-31T09:47:35+00:00","breadcrumb":{"@id":"https:\/\/www.humanandbrave.com\/politica-de-cookies\/#breadcrumb"},"inLanguage":"en-GB","potentialAction":[{"@type":"ReadAction","target":["https:\/\/www.humanandbrave.com\/politica-de-cookies\/"]}]},{"@type":"BreadcrumbList","@id":"https:\/\/www.humanandbrave.com\/politica-de-cookies\/#breadcrumb","itemListElement":[{"@type":"ListItem","position":1,"name":"Portada","item":"https:\/\/www.humanandbrave.com\/"},{"@type":"ListItem","position":2,"name":"Pol\u00edtica de Cookies"}]},{"@type":"WebSite","@id":"https:\/\/www.humanandbrave.com\/#website","url":"https:\/\/www.humanandbrave.com\/","name":"Human & Brave","description":"Chequeo de Salud Empresarial&reg;","potentialAction":[{"@type":"SearchAction","target":{"@type":"EntryPoint","urlTemplate":"https:\/\/www.humanandbrave.com\/?s={search_term_string}"},"query-input":{"@type":"PropertyValueSpecification","valueRequired":true,"valueName":"search_term_string"}}],"inLanguage":"en-GB"}]}},"_links":{"self":[{"href":"https:\/\/www.humanandbrave.com\/en\/wp-json\/wp\/v2\/pages\/35","targetHints":{"allow":["GET"]}}],"collection":[{"href":"https:\/\/www.humanandbrave.com\/en\/wp-json\/wp\/v2\/pages"}],"about":[{"href":"https:\/\/www.humanandbrave.com\/en\/wp-json\/wp\/v2\/types\/page"}],"author":[{"embeddable":true,"href":"https:\/\/www.humanandbrave.com\/en\/wp-json\/wp\/v2\/users\/1"}],"replies":[{"embeddable":true,"href":"https:\/\/www.humanandbrave.com\/en\/wp-json\/wp\/v2\/comments?post=35"}],"version-history":[{"count":4,"href":"https:\/\/www.humanandbrave.com\/en\/wp-json\/wp\/v2\/pages\/35\/revisions"}],"predecessor-version":[{"id":232,"href":"https:\/\/www.humanandbrave.com\/en\/wp-json\/wp\/v2\/pages\/35\/revisions\/232"}],"wp:attachment":[{"href":"https:\/\/www.humanandbrave.com\/en\/wp-json\/wp\/v2\/media?parent=35"}],"curies":[{"name":"wp","href":"https:\/\/api.w.org\/{rel}","templated":true}]}}