{"id":620,"date":"2024-01-28T17:17:37","date_gmt":"2024-01-28T17:17:37","guid":{"rendered":"https:\/\/www.humanandbrave.com\/?page_id=620"},"modified":"2025-04-17T16:28:04","modified_gmt":"2025-04-17T16:28:04","slug":"historia","status":"publish","type":"page","link":"https:\/\/www.humanandbrave.com\/en\/historia\/","title":{"rendered":"Who we are"},"content":{"rendered":"<p>[et_pb_section fb_built=\u00bb1&#8243; _builder_version=\u00bb4.23.1&#8243; _module_preset=\u00bbdefault\u00bb use_background_color_gradient=\u00bbon\u00bb background_color_gradient_direction=\u00bb130deg\u00bb background_color_gradient_stops=\u00bbrgba(0,0,0,0.9) 0%|rgba(154,36,53,0.9) 99%\u00bb background_image=\u00bbhttps:\/\/www.humanandbrave.com\/wp-content\/uploads\/2024\/01\/historia-min.jpg\u00bb background_blend=\u00bbmultiply\u00bb global_colors_info=\u00bb{}\u00bb][et_pb_row column_structure=\u00bb1_2,1_2&#8243; module_class=\u00bbde-inline-buttons \u00bb _builder_version=\u00bb4.20.4&#8243; _module_preset=\u00bbdefault\u00bb global_colors_info=\u00bb{}\u00bb][et_pb_column type=\u00bb1_2&#8243; _builder_version=\u00bb4.20.4&#8243; _module_preset=\u00bbdefault\u00bb global_colors_info=\u00bb{}\u00bb][et_pb_text _builder_version=\u00bb4.21.0&#8243; _module_preset=\u00bbdefault\u00bb text_font=\u00bbLibre Baskerville||||||||\u00bb text_text_color=\u00bb#FFFFFF\u00bb text_font_size=\u00bb20px\u00bb text_line_height=\u00bb26px\u00bb header_font=\u00bbLibre Baskerville|700|||||||\u00bb header_font_size=\u00bb46px\u00bb header_2_font=\u00bbLibre Baskerville|700|||||||\u00bb header_2_text_color=\u00bb#FFFFFF\u00bb header_2_font_size=\u00bb46px\u00bb header_3_font=\u00bbLibre Baskerville|700|||||||\u00bb header_3_font_size=\u00bb46px\u00bb header_4_font=\u00bbLibre Baskerville|700|||||||\u00bb header_4_font_size=\u00bb46px\u00bb header_5_font=\u00bbLibre Baskerville|700|||||||\u00bb header_5_font_size=\u00bb46px\u00bb header_6_font=\u00bbLibre Baskerville|700|||||||\u00bb header_6_font_size=\u00bb46px\u00bb custom_padding=\u00bb50px||50px||false|false\u00bb header_font_size_tablet=\u00bb36px\u00bb header_font_size_phone=\u00bb28px\u00bb header_font_size_last_edited=\u00bbon|desktop\u00bb header_2_font_size_tablet=\u00bb36px\u00bb header_2_font_size_phone=\u00bb28px\u00bb header_2_font_size_last_edited=\u00bbon|desktop\u00bb header_3_font_size_tablet=\u00bb36px\u00bb header_3_font_size_phone=\u00bb28px\u00bb header_3_font_size_last_edited=\u00bbon|desktop\u00bb header_4_font_size_tablet=\u00bb36px\u00bb header_4_font_size_phone=\u00bb28px\u00bb header_4_font_size_last_edited=\u00bbon|desktop\u00bb header_5_font_size_tablet=\u00bb36px\u00bb header_5_font_size_phone=\u00bb28px\u00bb header_5_font_size_last_edited=\u00bbon|desktop\u00bb header_6_font_size_tablet=\u00bb36px\u00bb header_6_font_size_phone=\u00bb28px\u00bb header_6_font_size_last_edited=\u00bbon|desktop\u00bb global_colors_info=\u00bb{}\u00bb]<\/p>\n<h2>No somos unos h\u00e9roes<\/h2>\n<p>[\/et_pb_text][\/et_pb_column][et_pb_column type=\u00bb1_2&#8243; _builder_version=\u00bb4.20.4&#8243; _module_preset=\u00bbdefault\u00bb global_colors_info=\u00bb{}\u00bb][\/et_pb_column][\/et_pb_row][\/et_pb_section][et_pb_section fb_built=\u00bb1&#8243; _builder_version=\u00bb4.20.4&#8243; _module_preset=\u00bbdefault\u00bb custom_padding=\u00bb||0px|||\u00bb global_colors_info=\u00bb{}\u00bb][et_pb_row custom_padding_last_edited=\u00bbon|phone\u00bb _builder_version=\u00bb4.23&#8243; _module_preset=\u00bbdefault\u00bb custom_padding=\u00bb||||false|false\u00bb custom_padding_tablet=\u00bb|70px||70px|false|false\u00bb custom_padding_phone=\u00bb|20px||20px|false|false\u00bb global_colors_info=\u00bb{}\u00bb][et_pb_column type=\u00bb4_4&#8243; _builder_version=\u00bb4.20.4&#8243; _module_preset=\u00bbdefault\u00bb global_colors_info=\u00bb{}\u00bb][et_pb_text _builder_version=\u00bb4.23.1&#8243; _module_preset=\u00bbdefault\u00bb text_font=\u00bbLibre Baskerville|700|||||||\u00bb text_text_color=\u00bb#000000&#8243; text_font_size=\u00bb28px\u00bb text_line_height=\u00bb42px\u00bb header_3_font=\u00bbPoppins|700|||||||\u00bb header_3_font_size=\u00bb30px\u00bb header_3_line_height=\u00bb36px\u00bb text_font_size_tablet=\u00bb28px\u00bb text_font_size_phone=\u00bb28px\u00bb text_font_size_last_edited=\u00bbon|desktop\u00bb header_font_size_tablet=\u00bb\u00bb header_font_size_phone=\u00bb30px\u00bb header_font_size_last_edited=\u00bbon|phone\u00bb header_3_font_size_tablet=\u00bb24px\u00bb header_3_font_size_phone=\u00bb22px\u00bb header_3_font_size_last_edited=\u00bbon|phone\u00bb global_colors_info=\u00bb{}\u00bb]<\/p>\n<h3><strong>Aunque podemos sacar tu empresa del valle de la muerte.<\/strong><\/h3>\n<p>[\/et_pb_text][et_pb_text _builder_version=\u00bb4.23.1&#8243; _module_preset=\u00bbdefault\u00bb text_font=\u00bbLibre Baskerville||||||||\u00bb text_text_color=\u00bb#000000&#8243; text_font_size=\u00bb20px\u00bb text_line_height=\u00bb36px\u00bb text_font_size_tablet=\u00bb18px\u00bb text_font_size_phone=\u00bb16px\u00bb text_font_size_last_edited=\u00bbon|desktop\u00bb header_font_size_tablet=\u00bb\u00bb header_font_size_phone=\u00bb30px\u00bb header_font_size_last_edited=\u00bbon|desktop\u00bb custom_css_free_form=\u00bb ||.circle {||  height: 50px;||  width:50px;||  line-height: 50px;||  border-radius: 50%;||  color: #fff;||  text-align: center;||  background:  #9a2334;||  display: inline-table;||  float:left;||  font-size:12px;||  margin-right: 20px||}\u00bb global_colors_info=\u00bb{}\u00bb]<\/p>\n<div class=\"circle\"><\/div>\n<p><span style=\"font-weight: 400;\"><\/span><\/p>\n<p><span style=\"font-weight: 400;\"><\/span><\/p>\n<p><span style=\"font-weight: 400;\"><\/span><\/p>\n<p><span style=\"font-weight: 400;\">Siempre he pensado que el mundo empresarial est\u00e1 formado por h\u00e9roes. Esas personas que pasan sue\u00f1o, hambre, dolores de cabeza y sacrificios para levantar sus negocios.\u00a0<\/span><\/p>\n<p><span style=\"font-weight: 400;\">Y estoy seguro de que t\u00fa eres uno de ellos.<\/span><\/p>\n<p>&nbsp;<\/p>\n<p><span style=\"font-weight: 400;\">Durante mucho tiempo, como abogado, he estado en diferentes equipos de gesti\u00f3n y, por desgracia, he visto como muchas de esas empresas pasan por lo que se llama\u201cel valle de la muerte\u201d.<\/span><\/p>\n<p>&nbsp;<\/p>\n<p><span style=\"font-weight: 400;\">Son esos momentos donde la organizaci\u00f3n afronta el reto de una transformaci\u00f3n para poder seguir creciendo.\u00a0<\/span><\/p>\n<p>&nbsp;<\/p>\n<ul>\n<li style=\"font-weight: 400;\" aria-level=\"1\"><span style=\"font-weight: 400;\">Falta de liquidez;\u00a0<\/span><\/li>\n<li style=\"font-weight: 400;\" aria-level=\"1\"><span style=\"font-weight: 400;\">ausencia de procedimientos;<\/span><\/li>\n<li style=\"font-weight: 400;\" aria-level=\"1\"><span style=\"font-weight: 400;\">desorden interno;<\/span><\/li>\n<li style=\"font-weight: 400;\" aria-level=\"1\"><span style=\"font-weight: 400;\">informaci\u00f3n escasa;<\/span><\/li>\n<li style=\"font-weight: 400;\" aria-level=\"1\"><span style=\"font-weight: 400;\">falta de personal, etc.\u00a0<\/span><\/li>\n<\/ul>\n<p>&nbsp;<\/p>\n<p><span style=\"font-weight: 400;\">Superar el reto te permite crecer, subir por la monta\u00f1a, ser rentable y disfrutar del viaje\u2026 hasta que llegues al siguiente valle. As\u00ed es la vida de la empresa.\u00a0<\/span><\/p>\n<p>&nbsp;<\/p>\n<p><span style=\"font-weight: 400;\">No superar estos valles de la muerte implica el estancamiento o la decadencia de tu negocio.<\/span><\/p>\n<p><span style=\"font-weight: 400;\">Muchas empresas viven constantemente en el valle de la muerte sin ser conscientes de ello. Quiz\u00e1s la tuya no, porque vais tirando, pero te est\u00e1s planteando crecer y quieres asegurarte de que tienes todo lo necesario para empezar el camino.\u00a0<\/span><\/p>\n<p>&nbsp;<\/p>\n<p><span style=\"font-weight: 400;\">Porque en muchas ocasiones son las barreras internas las que bloquean el crecimiento. Proyectos que no se completan, oportunidades que no se aprovechan, cambios que no ocurren. Y no se sabe por qu\u00e9.\u00a0<\/span><\/p>\n<p>&nbsp;<\/p>\n<p><span style=\"font-weight: 400;\">Yo siempre he querido lograr un objetivo; algo que parece un imposible.<\/span><\/p>\n<p>&nbsp;<\/p>\n<p><span style=\"font-weight: 400;\">Que las empresas espa\u00f1olas sean las mejor preparadas para crecer bien. Que sean l\u00edderes. Que lleven la delantera.<\/span><\/p>\n<p>&nbsp;<\/p>\n<p><span style=\"font-weight: 400;\">Por eso, con los a\u00f1os me he convertido en un consultor ejecutor. No un simple asesor que se conforma con apuntar los errores de bulto de las empresas. Sino un aliado para tu negocio que se implica y hace lo necesario para que los evites y sigas avanzando con seguridad.<\/span><\/p>\n<p>&nbsp;<\/p>\n<p><span style=\"font-weight: 400;\">Lo llamamos \u201cconsultor\u00eda en acci\u00f3n\u201d, es el estilo Human &amp; Brave. Nosotros no te decimos lo que hay que hacer, lo hacemos por ti y contigo.\u00a0\u00a0<\/span><\/p>\n<p>&nbsp;<\/p>\n<p><span style=\"font-weight: 400;\">Y te dir\u00e9 un secreto sobre m\u00ed.<\/span><\/p>\n<p><span style=\"font-weight: 400;\">Hay una caracter\u00edstica que me hace el compa\u00f1ero ideal para el viaje.\u00a0<\/span><\/p>\n<p>&nbsp;<\/p>\n<p><span style=\"font-weight: 400;\">Soy muy curioso y de naturaleza incansable. As\u00ed que siempre estoy buscando nuevos m\u00e9todos para solucionar los retos que me plantea la gesti\u00f3n de empresas.<\/span><\/p>\n<p>&nbsp;<\/p>\n<p><span style=\"font-weight: 400;\">Durante mis a\u00f1os de trabajo con empresas grandes, medianas y peque\u00f1as, he visto que muchas veces lo que faltaba para avanzar era simplemente: <\/span><span style=\"font-weight: 400;\"><\/span><\/p>\n<p>&nbsp;<\/p>\n<ul>\n<li style=\"font-weight: 400;\" aria-level=\"1\"><span style=\"font-weight: 400;\">Una comprensi\u00f3n global del problema.<\/span><\/li>\n<li style=\"font-weight: 400;\" aria-level=\"1\"><span style=\"font-weight: 400;\">Imaginaci\u00f3n para encontrar nuevas soluciones (ah\u00ed mi curiosidad me da ventaja sobre la competencia).<\/span><\/li>\n<li style=\"font-weight: 400;\" aria-level=\"1\"><span style=\"font-weight: 400;\">Flexibilidad para ejecutar la soluci\u00f3n.<\/span><\/li>\n<\/ul>\n<p>&nbsp;<\/p>\n<p><span style=\"font-weight: 400;\">Como en todo viaje, al emprender tambi\u00e9n vamos a recorrer dos caminos. Est\u00e1 el camino que ver\u00e1s cada d\u00eda: problemas que se resuelven, tareas que se completan, soluciones que se ponen en marcha.\u00a0<\/span><\/p>\n<p>&nbsp;<\/p>\n<p><span style=\"font-weight: 400;\">Este camino te lleva a tener m\u00e1s planificaci\u00f3n, m\u00e1s claridad, m\u00e1s liquidez, m\u00e1s rentabilidad.\u00a0<\/span><\/p>\n<p>&nbsp;<\/p>\n<p><span style=\"font-weight: 400;\">Pero luego est\u00e1 el camino que no ves, el camino interior: las conversaciones, los sue\u00f1os compartidos, los lazos que se refuerzan, la visi\u00f3n que se aclara.\u00a0<\/span><\/p>\n<p>&nbsp;<\/p>\n<p><span style=\"font-weight: 400;\">Y cuando colaboramos con tu empresa, el objetivo de Human &amp; Brave es que inevitablemente se produzca ese momento m\u00e1gico, en el que t\u00fa y tus compa\u00f1eros de viaje vais todos al mismo paso, r\u00e1pidos y eficientes, sin daros cuenta.\u00a0<\/span><\/p>\n<p>&nbsp;<\/p>\n<p><span style=\"font-weight: 400;\">En ese momento, te pediremos que pares un segundo, respires y contemples el camino recorrido para que te sientas orgulloso de lo logrado hasta ese momento.\u00a0<\/span><\/p>\n<p>&nbsp;<\/p>\n<p><span style=\"font-weight: 400;\">Quiz\u00e1s aprovecharemos la parada para hacerte otro chequeo de Salud Empresarial\u00ae, para confirmar que sigues preparado para continuar y seguir creciendo.<\/span><\/p>\n<p>&nbsp;<\/p>\n<p><span style=\"font-weight: 400;\">Y cuando vuelves a mirar al camino y veas ese objetivo que quer\u00edas alcanzar, te sentir\u00e1s tranquilo, sabiendo que puedes conseguirlo.\u00a0<\/span><\/p>\n<p>&nbsp;<\/p>\n<p><span style=\"font-weight: 400;\">Entonces, cuando demos el siguiente paso adelante notar\u00e1s que todos est\u00e1is dando el paso al mismo tiempo y en la misma direcci\u00f3n.\u00a0<\/span><\/p>\n<p>[\/et_pb_text][\/et_pb_column][\/et_pb_row][\/et_pb_section][et_pb_section fb_built=\u00bb1&#8243; _builder_version=\u00bb4.20.4&#8243; _module_preset=\u00bbdefault\u00bb custom_padding=\u00bb||||false|false\u00bb global_colors_info=\u00bb{}\u00bb][et_pb_row _builder_version=\u00bb4.20.4&#8243; _module_preset=\u00bbdefault\u00bb global_colors_info=\u00bb{}\u00bb][et_pb_column type=\u00bb4_4&#8243; _builder_version=\u00bb4.20.4&#8243; _module_preset=\u00bbdefault\u00bb global_colors_info=\u00bb{}\u00bb][et_pb_text _builder_version=\u00bb4.23.1&#8243; _module_preset=\u00bbdefault\u00bb text_font=\u00bbLibre Baskerville|700|||||||\u00bb text_text_color=\u00bb#000000&#8243; text_font_size=\u00bb28px\u00bb text_line_height=\u00bb42px\u00bb header_3_font=\u00bbPoppins|700|||||||\u00bb header_3_font_size=\u00bb30px\u00bb header_3_line_height=\u00bb36px\u00bb text_font_size_tablet=\u00bb28px\u00bb text_font_size_phone=\u00bb28px\u00bb text_font_size_last_edited=\u00bbon|desktop\u00bb header_font_size_tablet=\u00bb\u00bb header_font_size_phone=\u00bb30px\u00bb header_font_size_last_edited=\u00bbon|phone\u00bb header_3_font_size_tablet=\u00bb24px\u00bb header_3_font_size_phone=\u00bb22px\u00bb header_3_font_size_last_edited=\u00bbon|phone\u00bb global_colors_info=\u00bb{}\u00bb]<\/p>\n<h3>Nuestros valores<\/h3>\n<p>[\/et_pb_text][\/et_pb_column][\/et_pb_row][et_pb_row column_structure=\u00bb1_2,1_2&#8243; _builder_version=\u00bb4.21.0&#8243; _module_preset=\u00bbdefault\u00bb global_colors_info=\u00bb{}\u00bb][et_pb_column type=\u00bb1_2&#8243; _builder_version=\u00bb4.21.0&#8243; _module_preset=\u00bbdefault\u00bb global_colors_info=\u00bb{}\u00bb][et_pb_blurb title=\u00bbPasi\u00f3n\u00bb use_icon=\u00bbon\u00bb font_icon=\u00bb&#xf1ae;||fa||900&#8243; icon_color=\u00bb#b2b2b1&#8243; icon_placement=\u00bbleft\u00bb _builder_version=\u00bb4.23.1&#8243; _module_preset=\u00bbdefault\u00bb header_font=\u00bbPoppins|600|||||||\u00bb header_text_align=\u00bbleft\u00bb header_font_size=\u00bb24px\u00bb body_font=\u00bbLibre Baskerville||||||||\u00bb body_text_align=\u00bbleft\u00bb global_colors_info=\u00bb{}\u00bb]<\/p>\n<p>Pasi\u00f3n por mejorar las cosas. Pasi\u00f3n por lo que hacemos.<\/p>\n<p>[\/et_pb_blurb][et_pb_blurb title=\u00bbValent\u00eda\u00bb use_icon=\u00bbon\u00bb font_icon=\u00bb&#xf3a5;||fa||900&#8243; icon_color=\u00bb#b2b2b1&#8243; icon_placement=\u00bbleft\u00bb _builder_version=\u00bb4.23.1&#8243; _module_preset=\u00bbdefault\u00bb header_font=\u00bbPoppins|600|||||||\u00bb header_text_align=\u00bbleft\u00bb header_font_size=\u00bb24px\u00bb body_font=\u00bbLibre Baskerville||||||||\u00bb body_text_align=\u00bbleft\u00bb global_colors_info=\u00bb{}\u00bb]<\/p>\n<p>Valent\u00eda es lo contrario de comodidad\u00bb. Valent\u00eda es atreverse a hacer cosas nuevas. Valent\u00eda es no tener miedo a ser ambicioso. Valent\u00eda es prepararse para lo peor esperando lo mejor<span class=\"Apple-converted-space\">\u00a0<\/span><\/p>\n<p>[\/et_pb_blurb][\/et_pb_column][et_pb_column type=\u00bb1_2&#8243; _builder_version=\u00bb4.21.0&#8243; _module_preset=\u00bbdefault\u00bb global_colors_info=\u00bb{}\u00bb][et_pb_blurb title=\u00bbHumanidad\u00bb use_icon=\u00bbon\u00bb font_icon=\u00bb&#xe08b;||divi||400&#8243; icon_color=\u00bb#b2b2b1&#8243; icon_placement=\u00bbleft\u00bb _builder_version=\u00bb4.23.1&#8243; _module_preset=\u00bbdefault\u00bb header_font=\u00bbPoppins|600|||||||\u00bb header_text_align=\u00bbleft\u00bb header_font_size=\u00bb24px\u00bb body_font=\u00bbLibre Baskerville||||||||\u00bb body_text_align=\u00bbleft\u00bb global_colors_info=\u00bb{}\u00bb]<\/p>\n<p>Ser buenas personas. Ser buenos compa\u00f1eros de equipo.<span class=\"Apple-converted-space\">\u00a0<\/span><\/p>\n<p>[\/et_pb_blurb][et_pb_blurb title=\u00bbAutoperfeccionamiento\u00bb use_icon=\u00bbon\u00bb font_icon=\u00bb&#xe0dd;||divi||400&#8243; icon_color=\u00bb#b2b2b1&#8243; icon_placement=\u00bbleft\u00bb _builder_version=\u00bb4.23.1&#8243; _module_preset=\u00bbdefault\u00bb header_font=\u00bbPoppins|600|||||||\u00bb header_text_align=\u00bbleft\u00bb header_font_size=\u00bb24px\u00bb body_font=\u00bbLibre Baskerville||||||||\u00bb body_text_align=\u00bbleft\u00bb global_colors_info=\u00bb{}\u00bb]<\/p>\n<p>Siempre abierto a la mejora, a la cr\u00edtica y a la autocr\u00edtica. Nunca a la defensiva. Aprende r\u00e1pidamente y con inter\u00e9s. Escucha para aprender y ser una mejor versi\u00f3n de uno\/a mismo\/a. Mejora continua<span class=\"Apple-converted-space\">\u00a0<\/span><\/p>\n<p>[\/et_pb_blurb][\/et_pb_column][\/et_pb_row][\/et_pb_section][et_pb_section fb_built=\u00bb1&#8243; _builder_version=\u00bb4.23.1&#8243; _module_preset=\u00bbdefault\u00bb background_color=\u00bb#9a2435&#8243; use_background_color_gradient=\u00bbon\u00bb background_color_gradient_stops=\u00bb#9a2435 0%|#2f2f2f 100%\u00bb custom_padding=\u00bb0px||0px|||\u00bb global_colors_info=\u00bb{}\u00bb][et_pb_row _builder_version=\u00bb4.23&#8243; _module_preset=\u00bbdefault\u00bb global_colors_info=\u00bb{}\u00bb][et_pb_column type=\u00bb4_4&#8243; _builder_version=\u00bb4.23&#8243; _module_preset=\u00bbdefault\u00bb global_colors_info=\u00bb{}\u00bb][et_pb_cta title=\u00bb\u00bfComo te podemos ayudar?\u00bb button_url=\u00bb\/formulario-de-datos\/\u00bb _builder_version=\u00bb4.24.0&#8243; _module_preset=\u00bbdefault\u00bb header_font=\u00bb||||||||\u00bb header_font_size=\u00bb30px\u00bb header_line_height=\u00bb1.4em\u00bb background_enable_color=\u00bboff\u00bb custom_button=\u00bbon\u00bb button_border_width=\u00bb2px\u00bb button_border_color=\u00bb#FFFFFF\u00bb button_use_icon=\u00bboff\u00bb link_option_url=\u00bb\/formulario-de-datos\/\u00bb saved_tabs=\u00bball\u00bb global_colors_info=\u00bb{}\u00bb][\/et_pb_cta][\/et_pb_column][\/et_pb_row][\/et_pb_section]<\/p>\n<span class=\"et_bloom_bottom_trigger\"><\/span>","protected":false},"excerpt":{"rendered":"<p>No somos unos h\u00e9roesAunque podemos sacar tu empresa del valle de la muerte. Siempre he pensado que el mundo empresarial est\u00e1 formado por h\u00e9roes. Esas personas que pasan sue\u00f1o, hambre, dolores de cabeza y sacrificios para levantar sus negocios.\u00a0 Y estoy seguro de que t\u00fa eres uno de ellos. &nbsp; Durante mucho tiempo, como abogado, [&hellip;]<\/p>\n","protected":false},"author":1,"featured_media":0,"parent":0,"menu_order":0,"comment_status":"closed","ping_status":"closed","template":"","meta":{"_et_pb_use_builder":"on","_et_pb_old_content":"","_et_gb_content_width":"","inline_featured_image":false,"footnotes":""},"class_list":["post-620","page","type-page","status-publish","hentry"],"yoast_head":"<!-- This site is optimized with the Yoast SEO plugin v27.5 - https:\/\/yoast.com\/product\/yoast-seo-wordpress\/ -->\n<title>Quienes somos - Human &amp; Brave<\/title>\n<meta name=\"robots\" content=\"index, follow, max-snippet:-1, max-image-preview:large, max-video-preview:-1\" \/>\n<link rel=\"canonical\" href=\"https:\/\/www.humanandbrave.com\/en\/historia\/\" \/>\n<meta property=\"og:locale\" content=\"en_GB\" \/>\n<meta property=\"og:type\" content=\"article\" \/>\n<meta property=\"og:title\" content=\"Quienes somos - Human &amp; Brave\" \/>\n<meta property=\"og:description\" content=\"No somos unos h\u00e9roesAunque podemos sacar tu empresa del valle de la muerte. Siempre he pensado que el mundo empresarial est\u00e1 formado por h\u00e9roes. Esas personas que pasan sue\u00f1o, hambre, dolores de cabeza y sacrificios para levantar sus negocios.\u00a0 Y estoy seguro de que t\u00fa eres uno de ellos. &nbsp; Durante mucho tiempo, como abogado, [&hellip;]\" \/>\n<meta property=\"og:url\" content=\"https:\/\/www.humanandbrave.com\/en\/historia\/\" \/>\n<meta property=\"og:site_name\" content=\"Human &amp; Brave\" \/>\n<meta property=\"article:publisher\" content=\"https:\/\/www.facebook.com\/humanandbrave\/\" \/>\n<meta property=\"article:modified_time\" content=\"2025-04-17T16:28:04+00:00\" \/>\n<meta name=\"twitter:card\" content=\"summary_large_image\" \/>\n<meta name=\"twitter:label1\" content=\"Estimated reading time\" \/>\n\t<meta name=\"twitter:data1\" content=\"2 minutes\" \/>\n<script type=\"application\/ld+json\" class=\"yoast-schema-graph\">{\"@context\":\"https:\\\/\\\/schema.org\",\"@graph\":[{\"@type\":\"WebPage\",\"@id\":\"https:\\\/\\\/www.humanandbrave.com\\\/historia\\\/\",\"url\":\"https:\\\/\\\/www.humanandbrave.com\\\/historia\\\/\",\"name\":\"Quienes somos - Human &amp; Brave\",\"isPartOf\":{\"@id\":\"https:\\\/\\\/www.humanandbrave.com\\\/#website\"},\"datePublished\":\"2024-01-28T17:17:37+00:00\",\"dateModified\":\"2025-04-17T16:28:04+00:00\",\"breadcrumb\":{\"@id\":\"https:\\\/\\\/www.humanandbrave.com\\\/historia\\\/#breadcrumb\"},\"inLanguage\":\"en-GB\",\"potentialAction\":[{\"@type\":\"ReadAction\",\"target\":[\"https:\\\/\\\/www.humanandbrave.com\\\/historia\\\/\"]}]},{\"@type\":\"BreadcrumbList\",\"@id\":\"https:\\\/\\\/www.humanandbrave.com\\\/historia\\\/#breadcrumb\",\"itemListElement\":[{\"@type\":\"ListItem\",\"position\":1,\"name\":\"Portada\",\"item\":\"https:\\\/\\\/www.humanandbrave.com\\\/\"},{\"@type\":\"ListItem\",\"position\":2,\"name\":\"Quienes somos\"}]},{\"@type\":\"WebSite\",\"@id\":\"https:\\\/\\\/www.humanandbrave.com\\\/#website\",\"url\":\"https:\\\/\\\/www.humanandbrave.com\\\/\",\"name\":\"Human & Brave\",\"description\":\"Chequeo de Salud Empresarial&reg;\",\"potentialAction\":[{\"@type\":\"SearchAction\",\"target\":{\"@type\":\"EntryPoint\",\"urlTemplate\":\"https:\\\/\\\/www.humanandbrave.com\\\/?s={search_term_string}\"},\"query-input\":{\"@type\":\"PropertyValueSpecification\",\"valueRequired\":true,\"valueName\":\"search_term_string\"}}],\"inLanguage\":\"en-GB\"}]}<\/script>\n<!-- \/ Yoast SEO plugin. -->","yoast_head_json":{"title":"Quienes somos - Human &amp; Brave","robots":{"index":"index","follow":"follow","max-snippet":"max-snippet:-1","max-image-preview":"max-image-preview:large","max-video-preview":"max-video-preview:-1"},"canonical":"https:\/\/www.humanandbrave.com\/en\/historia\/","og_locale":"en_GB","og_type":"article","og_title":"Quienes somos - Human &amp; Brave","og_description":"No somos unos h\u00e9roesAunque podemos sacar tu empresa del valle de la muerte. Siempre he pensado que el mundo empresarial est\u00e1 formado por h\u00e9roes. Esas personas que pasan sue\u00f1o, hambre, dolores de cabeza y sacrificios para levantar sus negocios.\u00a0 Y estoy seguro de que t\u00fa eres uno de ellos. &nbsp; Durante mucho tiempo, como abogado, [&hellip;]","og_url":"https:\/\/www.humanandbrave.com\/en\/historia\/","og_site_name":"Human &amp; Brave","article_publisher":"https:\/\/www.facebook.com\/humanandbrave\/","article_modified_time":"2025-04-17T16:28:04+00:00","twitter_card":"summary_large_image","twitter_misc":{"Estimated reading time":"2 minutes"},"schema":{"@context":"https:\/\/schema.org","@graph":[{"@type":"WebPage","@id":"https:\/\/www.humanandbrave.com\/historia\/","url":"https:\/\/www.humanandbrave.com\/historia\/","name":"Quienes somos - Human &amp; Brave","isPartOf":{"@id":"https:\/\/www.humanandbrave.com\/#website"},"datePublished":"2024-01-28T17:17:37+00:00","dateModified":"2025-04-17T16:28:04+00:00","breadcrumb":{"@id":"https:\/\/www.humanandbrave.com\/historia\/#breadcrumb"},"inLanguage":"en-GB","potentialAction":[{"@type":"ReadAction","target":["https:\/\/www.humanandbrave.com\/historia\/"]}]},{"@type":"BreadcrumbList","@id":"https:\/\/www.humanandbrave.com\/historia\/#breadcrumb","itemListElement":[{"@type":"ListItem","position":1,"name":"Portada","item":"https:\/\/www.humanandbrave.com\/"},{"@type":"ListItem","position":2,"name":"Quienes somos"}]},{"@type":"WebSite","@id":"https:\/\/www.humanandbrave.com\/#website","url":"https:\/\/www.humanandbrave.com\/","name":"Human & Brave","description":"Chequeo de Salud Empresarial&reg;","potentialAction":[{"@type":"SearchAction","target":{"@type":"EntryPoint","urlTemplate":"https:\/\/www.humanandbrave.com\/?s={search_term_string}"},"query-input":{"@type":"PropertyValueSpecification","valueRequired":true,"valueName":"search_term_string"}}],"inLanguage":"en-GB"}]}},"_links":{"self":[{"href":"https:\/\/www.humanandbrave.com\/en\/wp-json\/wp\/v2\/pages\/620","targetHints":{"allow":["GET"]}}],"collection":[{"href":"https:\/\/www.humanandbrave.com\/en\/wp-json\/wp\/v2\/pages"}],"about":[{"href":"https:\/\/www.humanandbrave.com\/en\/wp-json\/wp\/v2\/types\/page"}],"author":[{"embeddable":true,"href":"https:\/\/www.humanandbrave.com\/en\/wp-json\/wp\/v2\/users\/1"}],"replies":[{"embeddable":true,"href":"https:\/\/www.humanandbrave.com\/en\/wp-json\/wp\/v2\/comments?post=620"}],"version-history":[{"count":7,"href":"https:\/\/www.humanandbrave.com\/en\/wp-json\/wp\/v2\/pages\/620\/revisions"}],"predecessor-version":[{"id":1235,"href":"https:\/\/www.humanandbrave.com\/en\/wp-json\/wp\/v2\/pages\/620\/revisions\/1235"}],"wp:attachment":[{"href":"https:\/\/www.humanandbrave.com\/en\/wp-json\/wp\/v2\/media?parent=620"}],"curies":[{"name":"wp","href":"https:\/\/api.w.org\/{rel}","templated":true}]}}