{"id":793,"date":"2024-02-13T10:52:45","date_gmt":"2024-02-13T10:52:45","guid":{"rendered":"https:\/\/www.humanandbrave.com\/?page_id=793"},"modified":"2024-02-16T20:23:15","modified_gmt":"2024-02-16T20:23:15","slug":"clausula-lopd","status":"publish","type":"page","link":"https:\/\/www.humanandbrave.com\/en\/clausula-lopd\/","title":{"rendered":"Clausula Lopd"},"content":{"rendered":"<p>[et_pb_section fb_built=\u00bb1&#8243; theme_builder_area=\u00bbpost_content\u00bb _builder_version=\u00bb4.24.0&#8243; _module_preset=\u00bbdefault\u00bb][et_pb_row _builder_version=\u00bb4.24.0&#8243; _module_preset=\u00bbdefault\u00bb theme_builder_area=\u00bbpost_content\u00bb][et_pb_column _builder_version=\u00bb4.24.0&#8243; _module_preset=\u00bbdefault\u00bb type=\u00bb4_4&#8243; theme_builder_area=\u00bbpost_content\u00bb][et_pb_text _builder_version=\u00bb4.24.0&#8243; _module_preset=\u00bbdefault\u00bb theme_builder_area=\u00bbpost_content\u00bb hover_enabled=\u00bb0&#8243; sticky_enabled=\u00bb0&#8243;]<\/p>\n<h3>POL\u00cdTICA DE PRIVACIDAD<\/h3>\n<p>&nbsp;<\/p>\n<p>Fecha de \u00faltima actualizaci\u00f3n: 18\/01\/2024<\/p>\n<p>Bienvenido\/a a la Pol\u00edtica de Privacidad de Human &amp; Brave. En Human &amp; Brave, nos comprometemos a proteger su privacidad y a garantizar la confidencialidad de la informaci\u00f3n personal que pueda proporcionarnos. Esta pol\u00edtica explica c\u00f3mo recopilamos, utilizamos y protegemos su informaci\u00f3n personal cuando utiliza nuestros servicios en l\u00ednea y nuestro sitio web.<\/p>\n<p>&nbsp;<\/p>\n<ul>\n<li><b>IDENTIFICACI\u00d3N Y DATOS DE CONTACTO DEL RESPONSABLE.<\/b><\/li>\n<\/ul>\n<p>Nosotros somos el responsable del tratamiento de tus datos personales:<\/p>\n<p><b>Denominaci\u00f3n completa de la entidad<\/b>: HUMAN &amp; BRAVE, SL.<\/p>\n<p><b>Domicilio social<\/b>: C\/ Marqu\u00e9s del Duero 6, Bajo Derecha \u2013 28001 \u2013 Madrid.<\/p>\n<p><b>Tel\u00e9fono\/s de contacto<\/b>: +34 91 7379019<\/p>\n<p><b>Correo electr\u00f3nico de contacto (general)<\/b>: info@humanandbrave.com<span class=\"Apple-converted-space\">\u00a0<\/span><\/p>\n<p>La presente Pol\u00edtica de Privacidad tiene por objeto facilitar informaci\u00f3n sobre los derechos que le asisten en virtud del Reglamento General de Protecci\u00f3n de Datos (\u201c<b>RGPD<\/b>\u201d). Asimismo, le informamos de que Human &amp; Brave, SL cuenta con un <b>Delegado de Protecci\u00f3n de Datos<\/b>, con quien se podr\u00e1 poner en contacto para cualquier cuesti\u00f3n relativa a la protecci\u00f3n de su informaci\u00f3n personal a trav\u00e9s de la siguiente direcci\u00f3n: dpo@iiin.eu<span class=\"Apple-converted-space\">\u00a0<\/span><\/p>\n<p>&nbsp;<\/p>\n<ul>\n<li><b>DATOS QUE TRATAMOS<\/b><\/li>\n<\/ul>\n<p>El tratamiento de sus datos es necesario para darle acceso a los contenidos y\/o funcionalidades de la plataforma o, en caso de que as\u00ed lo requiera, poder remitirle la informaci\u00f3n o prestarle los servicios dispuestos a trav\u00e9s de la misma. Al respecto, mantenemos un firme compromiso a tratar sus datos personales de forma leg\u00edtima y coherente de acuerdo con los principios y obligaciones legales dispuestas por la vigente normativa de protecci\u00f3n de datos personales.<\/p>\n<p>Cuando navegas a trav\u00e9s de nuestra plataforma y, en particular, cuando interact\u00faas o te registras con nosotros, nos aportas datos de forma directa, por ejemplo, cuando cumplimentas cualquier formulario o solicitud dispuesta en l\u00ednea conforme a los fines de tratamiento indicados en cada caso.<\/p>\n<p>Los datos que nos aportas est\u00e1n en relaci\u00f3n con tales formularios o solicitudes dispuestas a trav\u00e9s de la plataforma y, adem\u00e1s, pueden variar seg\u00fan el tipo de formulario o solicitud de que se trate. Sin perjuicio de lo anterior, a trav\u00e9s de la plataforma, y de sus distintos formularios\/solicitudes, podr\u00e1n recabarse distintas categor\u00edas de datos personales, aunque siempre te solicitaremos aquellos datos adecuados, pertinentes y limitados a lo necesario respecto a los citados fines de tratamiento (principio de minimizaci\u00f3n de datos personales).<\/p>\n<p>Del mismo modo, cuando navegas por nuestra plataforma deber\u00e1s estar atento a las cookies que se instalan en tu terminal o dispositivo ya que ello implica el tratamiento de tus datos personales seg\u00fan la tipolog\u00eda de cookies informadas y sus fines espec\u00edficos (ver pol\u00edtica de cookies). En caso de que aceptes nuestra pol\u00edtica de cookies, se servir\u00e1n cookies anal\u00edticas que implica el tratamiento de los datos personales asociados a tu perfil de navegaci\u00f3n a efectos anal\u00edticos y\/o estad\u00edsticos. Se destaca que continuar navegando por nuestra plataforma, existiendo informaci\u00f3n previa sobre nuestras pol\u00edticas legales de tratamiento de datos personales, implicar\u00e1 que aceptas de manera inequ\u00edvoca las cookies que se sirven, si bien podr\u00e1s configurar en cualquier momento el uso de tales cookies anal\u00edticas tal y como se indica en dicha pol\u00edtica de cookies.<\/p>\n<p>&nbsp;<\/p>\n<ul>\n<li><b>FINALIDAD DEL TRATAMIENTO DE SUS DATOS<\/b><\/li>\n<\/ul>\n<p>Utilizaremos sus datos personales para, seg\u00fan corresponda en funci\u00f3n del tipo de datos personales que consienta y de lo que razonablemente espere obtener de nosotros a ese respecto, una o varias de las siguientes finalidades:<\/p>\n<table cellspacing=\"0\" cellpadding=\"0\">\n<tbody>\n<tr>\n<td valign=\"middle\"><b>Fin del tratamiento<\/b><\/td>\n<td valign=\"middle\"><b>Base leg\u00edtima<\/b><\/td>\n<\/tr>\n<tr>\n<td valign=\"middle\">Gesti\u00f3n del sitio Web: usuarios y servicios v\u00eda web.<\/td>\n<td valign=\"middle\">Consentimiento del interesado.<\/td>\n<\/tr>\n<tr>\n<td valign=\"middle\">Facilitar informaci\u00f3n sobre productos y servicios.<\/td>\n<td valign=\"middle\">Consentimiento del interesado.<\/td>\n<\/tr>\n<tr>\n<td valign=\"middle\">Remisi\u00f3n de comunicaciones comerciales.<\/td>\n<td valign=\"middle\">Consentimiento del interesado.<\/td>\n<\/tr>\n<\/tbody>\n<\/table>\n<p>&nbsp;<\/p>\n<ul>\n<li><b>COMUNICACI\u00d3N A TERCEROS<\/b><\/li>\n<\/ul>\n<p>Le informamos de que no cedemos sus datos personales a terceros salvo que exista una obligaci\u00f3n legal.<\/p>\n<p>&nbsp;<\/p>\n<ul>\n<li><b>TRANSFERENCIAS INTERNACIONALES DE DATOS PERSONALES<\/b><\/li>\n<\/ul>\n<p>Le informamos de que, con car\u00e1cter general, no est\u00e1n previstas transferencias internacionales de sus datos personales, adopt\u00e1ndose las medidas y garant\u00edas necesarias por Human &amp; Brave, SL en este \u00e1mbito de conformidad con la normativa vigente de protecci\u00f3n de datos personales.<\/p>\n<p>&nbsp;<\/p>\n<ul>\n<li><b>EJERCICIO DE SUS DERECHOS<\/b><\/li>\n<\/ul>\n<p>Le informamos de que podr\u00e1 ejercer los siguientes derechos:<\/p>\n<ul>\n<li>Derecho de acceso a sus datos personales para saber cu\u00e1les est\u00e1n siendo objeto de tratamiento y las operaciones de tratamiento llevadas a cabo con ellos;<\/li>\n<li>Derecho de rectificaci\u00f3n de cualquier dato personal inexacto;<\/li>\n<li>Derecho de supresi\u00f3n de sus datos personales, cuando esto sea posible;<\/li>\n<li>Derecho a solicitar la limitaci\u00f3n del tratamiento de sus datos personales cuando la exactitud, la legalidad o la necesidad del tratamiento de los datos resulte dudosa, en cuyo caso, podremos conservarlos para el ejercicio o la defensa de reclamaciones;<\/li>\n<li>Derecho a la portabilidad de sus datos personales, cuando la base legal que nos habilite para su tratamiento sea la relaci\u00f3n contractual o el consentimiento;<\/li>\n<li>Derecho de oposici\u00f3n al tratamiento de sus datos personales, cuando la base legal que nos habilite para su tratamiento de las indicadas en la tabla arriba incluida sea el inter\u00e9s leg\u00edtimo. A estos efectos, dejaremos de tratar sus datos salvo que tengamos un inter\u00e9s leg\u00edtimo imperioso o para la formulaci\u00f3n, el ejercicio o la defensa de reclamaciones.<\/li>\n<li>Derecho a revocar su consentimiento en cualquier momento.<\/li>\n<\/ul>\n<p>Podr\u00e1 ejercitar sus derechos en cualquier momento y de forma gratuita dirigiendo un correo electr\u00f3nico al Delegado de Protecci\u00f3n de Datos en dpo@iiin.eu indicando el derecho que desea ejercitar y sus datos identificativos.<\/p>\n<p>Igualmente, si considera que no hemos tratado sus datos personales adecuadamente puede contactar con la misma direcci\u00f3n de correo electr\u00f3nico dpo@iiin.eu. No obstante, le informamos de que tiene derecho a presentar una reclamaci\u00f3n ante la Agencia Espa\u00f1ola de Protecci\u00f3n de Datos si considera que se ha cometido una infracci\u00f3n de la legislaci\u00f3n en materia de protecci\u00f3n de datos respecto al tratamiento de sus datos personales.<\/p>\n<p>&nbsp;<\/p>\n<ul>\n<li><b>\u00bfPOR CU\u00c1NTO TIEMPO CONSERVAREMOS SUS DATOS?<\/b><\/li>\n<\/ul>\n<p>Se utilizar\u00e1n sus datos personales, \u00fanicamente, durante el tiempo que resulte necesario para cumplir las finalidades descritas en el apartado 3 anterior. Despu\u00e9s de esto, y siempre que usted no ejercite antes su derecho de supresi\u00f3n, mantendremos sus datos personales, con las preceptivas medidas de seguridad y bloqueados de forma pseudonimizada, durante un per\u00edodo m\u00e1ximo de 5 a\u00f1os, tras el cual procederemos a eliminarlos de nuestro sistema de tratamiento de informaci\u00f3n. No obstante, este plazo lo ser\u00e1 sin perjuicio de los plazos legalmente establecidos por las distintas leyes y normativa que puedan resultar de aplicaci\u00f3n en el marco del ordenamiento jur\u00eddico espa\u00f1ol.<\/p>\n<p>&nbsp;<\/p>\n<ul>\n<li><b>MEDIDAS DE SEGURIDAD<\/b><\/li>\n<\/ul>\n<p>Human &amp; Brave, SL adopta los niveles de seguridad requeridos por el RGPD adecuados a la naturaleza de los datos que son objeto de tratamiento en cada momento. No obstante, la seguridad t\u00e9cnica en un medio como Internet no es inexpugnable y pueden existir actuaciones dolosas de terceros, si bien Human &amp; Brave, SL pone todos los medios a su alcance para evitar dichas actuaciones.<\/p>\n<p>&nbsp;<\/p>\n<ul>\n<li><b>MODIFICACIONES DE LA POL\u00cdTICA DE PRIVACIDAD<\/b><\/li>\n<\/ul>\n<p>Human &amp; Brave, SL se reserva el derecho de modificar esta pol\u00edtica de privacidad, para adaptarla a futuras novedades legislativas, doctrinales o jurisprudenciales que resulten de aplicaci\u00f3n, o por motivos t\u00e9cnicos, operativos, comerciales, corporativos y de negocio.<span class=\"Apple-converted-space\">\u00a0<\/span><\/p>\n<p>El usuario se obliga a revisar el contenido de esta Pol\u00edtica de Privacidad, ya que los mismos pueden ser modificados sin previo aviso. Asimismo, comprende y acepta el contenido del presente documento.<\/p>\n<p>&nbsp;<\/p>\n<p>&nbsp;[\/et_pb_text][\/et_pb_column][\/et_pb_row][\/et_pb_section]<\/p>\n<span class=\"et_bloom_bottom_trigger\"><\/span>","protected":false},"excerpt":{"rendered":"<p>POL\u00cdTICA DE PRIVACIDAD &nbsp; Fecha de \u00faltima actualizaci\u00f3n: 18\/01\/2024 Bienvenido\/a a la Pol\u00edtica de Privacidad de Human &amp; Brave. En Human &amp; Brave, nos comprometemos a proteger su privacidad y a garantizar la confidencialidad de la informaci\u00f3n personal que pueda proporcionarnos. Esta pol\u00edtica explica c\u00f3mo recopilamos, utilizamos y protegemos su informaci\u00f3n personal cuando utiliza nuestros [&hellip;]<\/p>\n","protected":false},"author":1,"featured_media":0,"parent":0,"menu_order":0,"comment_status":"closed","ping_status":"closed","template":"","meta":{"_et_pb_use_builder":"on","_et_pb_old_content":"","_et_gb_content_width":"","inline_featured_image":false,"footnotes":""},"class_list":["post-793","page","type-page","status-publish","hentry"],"yoast_head":"<!-- This site is optimized with the Yoast SEO plugin v27.5 - https:\/\/yoast.com\/product\/yoast-seo-wordpress\/ -->\n<title>Clausula Lopd - Human &amp; Brave<\/title>\n<meta name=\"robots\" content=\"index, follow, max-snippet:-1, max-image-preview:large, max-video-preview:-1\" \/>\n<link rel=\"canonical\" href=\"https:\/\/www.humanandbrave.com\/en\/clausula-lopd\/\" \/>\n<meta property=\"og:locale\" content=\"en_GB\" \/>\n<meta property=\"og:type\" content=\"article\" \/>\n<meta property=\"og:title\" content=\"Clausula Lopd - Human &amp; Brave\" \/>\n<meta property=\"og:description\" content=\"POL\u00cdTICA DE PRIVACIDAD &nbsp; Fecha de \u00faltima actualizaci\u00f3n: 18\/01\/2024 Bienvenido\/a a la Pol\u00edtica de Privacidad de Human &amp; Brave. En Human &amp; Brave, nos comprometemos a proteger su privacidad y a garantizar la confidencialidad de la informaci\u00f3n personal que pueda proporcionarnos. Esta pol\u00edtica explica c\u00f3mo recopilamos, utilizamos y protegemos su informaci\u00f3n personal cuando utiliza nuestros [&hellip;]\" \/>\n<meta property=\"og:url\" content=\"https:\/\/www.humanandbrave.com\/en\/clausula-lopd\/\" \/>\n<meta property=\"og:site_name\" content=\"Human &amp; Brave\" \/>\n<meta property=\"article:publisher\" content=\"https:\/\/www.facebook.com\/humanandbrave\/\" \/>\n<meta property=\"article:modified_time\" content=\"2024-02-16T20:23:15+00:00\" \/>\n<meta name=\"twitter:card\" content=\"summary_large_image\" \/>\n<script type=\"application\/ld+json\" class=\"yoast-schema-graph\">{\"@context\":\"https:\\\/\\\/schema.org\",\"@graph\":[{\"@type\":\"WebPage\",\"@id\":\"https:\\\/\\\/www.humanandbrave.com\\\/clausula-lopd\\\/\",\"url\":\"https:\\\/\\\/www.humanandbrave.com\\\/clausula-lopd\\\/\",\"name\":\"Clausula Lopd - Human &amp; Brave\",\"isPartOf\":{\"@id\":\"https:\\\/\\\/www.humanandbrave.com\\\/#website\"},\"datePublished\":\"2024-02-13T10:52:45+00:00\",\"dateModified\":\"2024-02-16T20:23:15+00:00\",\"breadcrumb\":{\"@id\":\"https:\\\/\\\/www.humanandbrave.com\\\/clausula-lopd\\\/#breadcrumb\"},\"inLanguage\":\"en-GB\",\"potentialAction\":[{\"@type\":\"ReadAction\",\"target\":[\"https:\\\/\\\/www.humanandbrave.com\\\/clausula-lopd\\\/\"]}]},{\"@type\":\"BreadcrumbList\",\"@id\":\"https:\\\/\\\/www.humanandbrave.com\\\/clausula-lopd\\\/#breadcrumb\",\"itemListElement\":[{\"@type\":\"ListItem\",\"position\":1,\"name\":\"Portada\",\"item\":\"https:\\\/\\\/www.humanandbrave.com\\\/\"},{\"@type\":\"ListItem\",\"position\":2,\"name\":\"Clausula Lopd\"}]},{\"@type\":\"WebSite\",\"@id\":\"https:\\\/\\\/www.humanandbrave.com\\\/#website\",\"url\":\"https:\\\/\\\/www.humanandbrave.com\\\/\",\"name\":\"Human & Brave\",\"description\":\"Chequeo de Salud Empresarial&reg;\",\"potentialAction\":[{\"@type\":\"SearchAction\",\"target\":{\"@type\":\"EntryPoint\",\"urlTemplate\":\"https:\\\/\\\/www.humanandbrave.com\\\/?s={search_term_string}\"},\"query-input\":{\"@type\":\"PropertyValueSpecification\",\"valueRequired\":true,\"valueName\":\"search_term_string\"}}],\"inLanguage\":\"en-GB\"}]}<\/script>\n<!-- \/ Yoast SEO plugin. -->","yoast_head_json":{"title":"Clausula Lopd - Human &amp; Brave","robots":{"index":"index","follow":"follow","max-snippet":"max-snippet:-1","max-image-preview":"max-image-preview:large","max-video-preview":"max-video-preview:-1"},"canonical":"https:\/\/www.humanandbrave.com\/en\/clausula-lopd\/","og_locale":"en_GB","og_type":"article","og_title":"Clausula Lopd - Human &amp; Brave","og_description":"POL\u00cdTICA DE PRIVACIDAD &nbsp; Fecha de \u00faltima actualizaci\u00f3n: 18\/01\/2024 Bienvenido\/a a la Pol\u00edtica de Privacidad de Human &amp; Brave. En Human &amp; Brave, nos comprometemos a proteger su privacidad y a garantizar la confidencialidad de la informaci\u00f3n personal que pueda proporcionarnos. Esta pol\u00edtica explica c\u00f3mo recopilamos, utilizamos y protegemos su informaci\u00f3n personal cuando utiliza nuestros [&hellip;]","og_url":"https:\/\/www.humanandbrave.com\/en\/clausula-lopd\/","og_site_name":"Human &amp; Brave","article_publisher":"https:\/\/www.facebook.com\/humanandbrave\/","article_modified_time":"2024-02-16T20:23:15+00:00","twitter_card":"summary_large_image","schema":{"@context":"https:\/\/schema.org","@graph":[{"@type":"WebPage","@id":"https:\/\/www.humanandbrave.com\/clausula-lopd\/","url":"https:\/\/www.humanandbrave.com\/clausula-lopd\/","name":"Clausula Lopd - Human &amp; Brave","isPartOf":{"@id":"https:\/\/www.humanandbrave.com\/#website"},"datePublished":"2024-02-13T10:52:45+00:00","dateModified":"2024-02-16T20:23:15+00:00","breadcrumb":{"@id":"https:\/\/www.humanandbrave.com\/clausula-lopd\/#breadcrumb"},"inLanguage":"en-GB","potentialAction":[{"@type":"ReadAction","target":["https:\/\/www.humanandbrave.com\/clausula-lopd\/"]}]},{"@type":"BreadcrumbList","@id":"https:\/\/www.humanandbrave.com\/clausula-lopd\/#breadcrumb","itemListElement":[{"@type":"ListItem","position":1,"name":"Portada","item":"https:\/\/www.humanandbrave.com\/"},{"@type":"ListItem","position":2,"name":"Clausula Lopd"}]},{"@type":"WebSite","@id":"https:\/\/www.humanandbrave.com\/#website","url":"https:\/\/www.humanandbrave.com\/","name":"Human & Brave","description":"Chequeo de Salud Empresarial&reg;","potentialAction":[{"@type":"SearchAction","target":{"@type":"EntryPoint","urlTemplate":"https:\/\/www.humanandbrave.com\/?s={search_term_string}"},"query-input":{"@type":"PropertyValueSpecification","valueRequired":true,"valueName":"search_term_string"}}],"inLanguage":"en-GB"}]}},"_links":{"self":[{"href":"https:\/\/www.humanandbrave.com\/en\/wp-json\/wp\/v2\/pages\/793","targetHints":{"allow":["GET"]}}],"collection":[{"href":"https:\/\/www.humanandbrave.com\/en\/wp-json\/wp\/v2\/pages"}],"about":[{"href":"https:\/\/www.humanandbrave.com\/en\/wp-json\/wp\/v2\/types\/page"}],"author":[{"embeddable":true,"href":"https:\/\/www.humanandbrave.com\/en\/wp-json\/wp\/v2\/users\/1"}],"replies":[{"embeddable":true,"href":"https:\/\/www.humanandbrave.com\/en\/wp-json\/wp\/v2\/comments?post=793"}],"version-history":[{"count":4,"href":"https:\/\/www.humanandbrave.com\/en\/wp-json\/wp\/v2\/pages\/793\/revisions"}],"predecessor-version":[{"id":800,"href":"https:\/\/www.humanandbrave.com\/en\/wp-json\/wp\/v2\/pages\/793\/revisions\/800"}],"wp:attachment":[{"href":"https:\/\/www.humanandbrave.com\/en\/wp-json\/wp\/v2\/media?parent=793"}],"curies":[{"name":"wp","href":"https:\/\/api.w.org\/{rel}","templated":true}]}}