{"id":906,"date":"2024-06-16T08:37:23","date_gmt":"2024-06-16T08:37:23","guid":{"rendered":"https:\/\/www.humanandbrave.com\/?page_id=906"},"modified":"2025-03-24T10:49:53","modified_gmt":"2025-03-24T10:49:53","slug":"suscribete","status":"publish","type":"page","link":"https:\/\/www.humanandbrave.com\/en\/suscribete\/","title":{"rendered":"Suscr\u00edbete a nuestra newsletter."},"content":{"rendered":"<p>[et_pb_section fb_built=\u00bb1&#8243; admin_label=\u00bbsection\u00bb _builder_version=\u00bb4.16&#8243; global_colors_info=\u00bb{}\u00bb][et_pb_row _builder_version=\u00bb4.27.4&#8243; _module_preset=\u00bbdefault\u00bb global_colors_info=\u00bb{}\u00bb][et_pb_column type=\u00bb4_4&#8243; _builder_version=\u00bb4.27.4&#8243; _module_preset=\u00bbdefault\u00bb global_colors_info=\u00bb{}\u00bb][et_pb_text _builder_version=\u00bb4.21.0&#8243; _module_preset=\u00bbdefault\u00bb text_font=\u00bbLibre Baskerville||||||||\u00bb text_text_color=\u00bb#FFFFFF\u00bb text_font_size=\u00bb20px\u00bb text_line_height=\u00bb26px\u00bb header_font=\u00bbLibre Baskerville|700|||||||\u00bb header_font_size=\u00bb46px\u00bb header_2_font=\u00bbLibre Baskerville|700|||||||\u00bb header_2_text_color=\u00bb#FFFFFF\u00bb header_2_font_size=\u00bb46px\u00bb header_3_font=\u00bbLibre Baskerville|700|||||||\u00bb header_3_font_size=\u00bb46px\u00bb header_4_font=\u00bbLibre Baskerville|700|||||||\u00bb header_4_font_size=\u00bb46px\u00bb header_5_font=\u00bbLibre Baskerville|700|||||||\u00bb header_5_font_size=\u00bb46px\u00bb header_6_font=\u00bbLibre Baskerville|700|||||||\u00bb header_6_font_size=\u00bb46px\u00bb min_height=\u00bb261px\u00bb custom_padding=\u00bb50px||45px||false|false\u00bb header_font_size_tablet=\u00bb36px\u00bb header_font_size_phone=\u00bb28px\u00bb header_font_size_last_edited=\u00bbon|desktop\u00bb header_2_font_size_tablet=\u00bb36px\u00bb header_2_font_size_phone=\u00bb28px\u00bb header_2_font_size_last_edited=\u00bbon|desktop\u00bb header_3_font_size_tablet=\u00bb36px\u00bb header_3_font_size_phone=\u00bb28px\u00bb header_3_font_size_last_edited=\u00bbon|desktop\u00bb header_4_font_size_tablet=\u00bb36px\u00bb header_4_font_size_phone=\u00bb28px\u00bb header_4_font_size_last_edited=\u00bbon|desktop\u00bb header_5_font_size_tablet=\u00bb36px\u00bb header_5_font_size_phone=\u00bb28px\u00bb header_5_font_size_last_edited=\u00bbon|desktop\u00bb header_6_font_size_tablet=\u00bb36px\u00bb header_6_font_size_phone=\u00bb28px\u00bb header_6_font_size_last_edited=\u00bbon|desktop\u00bb global_colors_info=\u00bb{}\u00bb custom_margin=\u00bb||31px|||\u00bb]<\/p>\n<h2><\/h2>\n<h3 style=\"text-align: center;\"><b>Humanzine: El magazine para empresas que encuentran oportunidades en la informaci\u00f3n que otros pasar\u00edan por alto.<\/b><\/h3>\n<p>[\/et_pb_text][et_pb_text _builder_version=\u00bb4.27.4&#8243; _module_preset=\u00bbdefault\u00bb global_colors_info=\u00bb{}\u00bb]<\/p>\n<p>\u00bfSabes qu\u00e9 es un cisne negro?<br \/>\nSon situaciones impredecibles que ejercen gran presi\u00f3n y cambio en la mayor\u00eda de los sectores y tienen un gran impacto en la sociedad.<br \/>\nComo por ejemplo la crisis del 2008 o la pandemia que, sin que nadie pudiera imaginarlos, cambiaron la econom\u00eda y los sectores y se llevaron por delante cientos de empresas.<br \/>\nPero, y esto es un hecho demostrado, el refranero espa\u00f1ol tiene un refr\u00e1n para todo y en este caso no es menos.<br \/>\n\u201cA r\u00edo revuelto, ganancia de pescadores\u201d.<br \/>\nUn refr\u00e1n que nos recuerda que, sin importar lo convulsa que sea la escena de un sector, siempre hay empresas que sacan beneficio.<br \/>\nEn Human &#038; Brave no solo analizamos mercados, sectores y tendencias. Tambi\u00e9n analizamos empresas como la tuya que est\u00e1n en la lucha diaria intentando destacar, mejorar y crecer.<br \/>\nPor eso nuestra newsletter se centra en tres pilares:<br \/>\nQu\u00e9 ocurre en diferentes sectores de las empresas.<br \/>\nQu\u00e9 efecto tienen esos movimientos en nuestros clientes.<br \/>\nC\u00f3mo transformar esas circunstancias en oportunidades.<br \/>\nY te lo contamos dos o tres veces por semana en un email estructurado en esas tres partes que te comento arriba. Qu\u00e9 ha ocurrido, por qu\u00e9 es importante para ti saberlo, qu\u00e9 oportunidad pone ante ti esa situaci\u00f3n.<br \/>\nLeerlo te lleva menos de un minuto.<\/p>\n<p>[\/et_pb_text][\/et_pb_column][\/et_pb_row][et_pb_row column_structure=\u00bb1_4,1_2,1_4&#8243; use_custom_gutter=\u00bbon\u00bb make_equal=\u00bbon\u00bb _builder_version=\u00bb4.27.4&#8243; _dynamic_attributes=\u00bblink_option_url\u00bb _module_preset=\u00bbdefault\u00bb link_option_url=\u00bb@ET-DC@eyJkeW5hbWljIjp0cnVlLCJjb250ZW50IjoicG9zdF9saW5rX3VybCIsInNldHRpbmdzIjp7fX0=@\u00bb global_colors_info=\u00bb{}\u00bb][et_pb_column type=\u00bb1_4&#8243; _builder_version=\u00bb4.27.4&#8243; _module_preset=\u00bbdefault\u00bb global_colors_info=\u00bb{}\u00bb][\/et_pb_column][et_pb_column type=\u00bb1_2&#8243; _builder_version=\u00bb4.27.4&#8243; _module_preset=\u00bbdefault\u00bb global_colors_info=\u00bb{}\u00bb][et_pb_button button_url=\u00bb#formulario\u00bb button_text=\u00bbMe interesa descubrir oportunidades.\u00bb admin_label=\u00bbBot\u00f3n de formulario\u00bb _builder_version=\u00bb4.27.4&#8243; _module_preset=\u00bbdefault\u00bb hover_enabled=\u00bb0&#8243; global_colors_info=\u00bb{}\u00bb sticky_enabled=\u00bb0&#8243;][\/et_pb_button][\/et_pb_column][et_pb_column type=\u00bb1_4&#8243; _builder_version=\u00bb4.27.4&#8243; _module_preset=\u00bbdefault\u00bb global_colors_info=\u00bb{}\u00bb][\/et_pb_column][\/et_pb_row][et_pb_row _builder_version=\u00bb4.27.4&#8243; _module_preset=\u00bbdefault\u00bb global_colors_info=\u00bb{}\u00bb][et_pb_column type=\u00bb4_4&#8243; _builder_version=\u00bb4.27.4&#8243; _module_preset=\u00bbdefault\u00bb global_colors_info=\u00bb{}\u00bb][et_pb_text _builder_version=\u00bb4.27.4&#8243; _module_preset=\u00bbdefault\u00bb global_colors_info=\u00bb{}\u00bb]<\/p>\n<p>Dicho as\u00ed puede que no lo visualices. As\u00ed que deja que te ponga un ejemplo.<br \/>\nEn el Humanzine del 18 de septiembre te contamos una sentencia del Tribunal Supremo donde dictamina que el hecho de que un juez autorice un registro de tus oficinas no autoriza a los agentes a realizarte ning\u00fan interrogatorio.<br \/>\n\u00bfPor qu\u00e9 es importante para ti saberlo? Porque sabiendo tus derechos est\u00e1s mucho m\u00e1s protegido y puedes llamar a tu abogado si crees que es necesario.<br \/>\nSaber eso se convierte en una oportunidad al estar m\u00e1s protegido y preparado en esas circunstancias.<br \/>\nOtro ejemplo sencillo.<br \/>\nEn el Humanzine 120 habl\u00e9 de las capitulaciones matrimoniales.<br \/>\nDe la importancia de tenerlas hechas, porque a tu socio lo ver\u00e1s m\u00e1s que a tu pareja.<br \/>\nY de la oportunidad que tienes de hacerlo antes de que te llegue una separaci\u00f3n inesperada, de tu pareja o de tu socio.<br \/>\nY podr\u00eda seguir d\u00e1ndote ejemplos.<\/p>\n<p>[\/et_pb_text][\/et_pb_column][\/et_pb_row][et_pb_row column_structure=\u00bb1_4,1_2,1_4&#8243; _builder_version=\u00bb4.27.4&#8243; _module_preset=\u00bbdefault\u00bb global_colors_info=\u00bb{}\u00bb][et_pb_column type=\u00bb1_4&#8243; _builder_version=\u00bb4.27.4&#8243; _module_preset=\u00bbdefault\u00bb global_colors_info=\u00bb{}\u00bb][\/et_pb_column][et_pb_column type=\u00bb1_2&#8243; _builder_version=\u00bb4.27.4&#8243; _module_preset=\u00bbdefault\u00bb global_colors_info=\u00bb{}\u00bb][et_pb_button button_url=\u00bb#formulario\u00bb button_text=\u00bbNo hace falta, entro a la newsletter.\u00bb admin_label=\u00bbBot\u00f3n de formulario\u00bb _builder_version=\u00bb4.27.4&#8243; _module_preset=\u00bbdefault\u00bb hover_enabled=\u00bb0&#8243; locked=\u00bboff\u00bb global_colors_info=\u00bb{}\u00bb sticky_enabled=\u00bb0&#8243;][\/et_pb_button][\/et_pb_column][et_pb_column type=\u00bb1_4&#8243; _builder_version=\u00bb4.27.4&#8243; _module_preset=\u00bbdefault\u00bb global_colors_info=\u00bb{}\u00bb][\/et_pb_column][\/et_pb_row][et_pb_row _builder_version=\u00bb4.27.4&#8243; _module_preset=\u00bbdefault\u00bb global_colors_info=\u00bb{}\u00bb][et_pb_column type=\u00bb4_4&#8243; _builder_version=\u00bb4.27.4&#8243; _module_preset=\u00bbdefault\u00bb global_colors_info=\u00bb{}\u00bb][et_pb_text _builder_version=\u00bb4.27.4&#8243; _module_preset=\u00bbdefault\u00bb global_colors_info=\u00bb{}\u00bb]<\/p>\n<p>Al final en Human &#038; Brave tenemos un sue\u00f1o que es muy ambicioso. Que las empresas espa\u00f1olas est\u00e9n entre las m\u00e1s preparadas del mundo. Y para eso ofrecemos diferentes caminos.<br \/>\nEl Humanzine, esta newsletter en la que cada semana analizo noticias que, aunque puedan parecer cat\u00e1strofes o cambios de paradigma, en Human &#038; Brave los enfocamos desde el \u00e1ngulo de la oportunidad. Y lo compartimos contigo.<br \/>\nEl Chequeo de Salud Empresarial, donde revisamos m\u00e1s de 130 puntos de tu negocio y buscamos entre todos ellos qu\u00e9 oportunidades de crecimiento tienes a corto, medio y largo plazo. Y si no las hay, en qu\u00e9 deber\u00edas poner el foco para crearlas.<br \/>\nPero de eso y de otras soluciones m\u00e1s complejas hablamos dentro.<br \/>\nDe momento, te invito a que te unas a las m\u00e1s de 60 empresas que valoran tener cada semana opciones reales de identificar oportunidades que otros pasan por alto por no pararse a pensar en ello con el enfoque adecuado.<\/p>\n<p>[\/et_pb_text][\/et_pb_column][\/et_pb_row][et_pb_row column_structure=\u00bb1_4,1_2,1_4&#8243; _builder_version=\u00bb4.27.4&#8243; _module_preset=\u00bbdefault\u00bb global_colors_info=\u00bb{}\u00bb][et_pb_column type=\u00bb1_4&#8243; _builder_version=\u00bb4.27.4&#8243; _module_preset=\u00bbdefault\u00bb global_colors_info=\u00bb{}\u00bb][\/et_pb_column][et_pb_column type=\u00bb1_2&#8243; _builder_version=\u00bb4.27.4&#8243; _module_preset=\u00bbdefault\u00bb global_colors_info=\u00bb{}\u00bb][et_pb_button button_url=\u00bb#formulario\u00bb button_text=\u00bbMe sumo a identificar oportunidades..\u00bb admin_label=\u00bbBot\u00f3n de formulario\u00bb _builder_version=\u00bb4.27.4&#8243; _module_preset=\u00bbdefault\u00bb hover_enabled=\u00bb0&#8243; locked=\u00bboff\u00bb global_colors_info=\u00bb{}\u00bb sticky_enabled=\u00bb0&#8243;][\/et_pb_button][\/et_pb_column][et_pb_column type=\u00bb1_4&#8243; _builder_version=\u00bb4.27.4&#8243; _module_preset=\u00bbdefault\u00bb global_colors_info=\u00bb{}\u00bb][\/et_pb_column][\/et_pb_row][et_pb_row admin_label=\u00bbrow\u00bb _builder_version=\u00bb4.16&#8243; background_size=\u00bbinitial\u00bb background_position=\u00bbtop_left\u00bb background_repeat=\u00bbrepeat\u00bb global_colors_info=\u00bb{}\u00bb][et_pb_column type=\u00bb4_4&#8243; admin_label=\u00bbColumna\u00bb _builder_version=\u00bb4.16&#8243; custom_padding=\u00bb|||\u00bb global_colors_info=\u00bb{}\u00bb custom_padding__hover=\u00bb|||\u00bb][et_pb_text admin_label=\u00bbText\u00bb _builder_version=\u00bb4.27.4&#8243; background_size=\u00bbinitial\u00bb background_position=\u00bbtop_left\u00bb background_repeat=\u00bbrepeat\u00bb min_height=\u00bb1208.6px\u00bb custom_padding=\u00bb1px|||||\u00bb hover_enabled=\u00bb0&#8243; global_colors_info=\u00bb{}\u00bb sticky_enabled=\u00bb0&#8243;]<\/p>\n<h2 id=\"formulario\"><\/h2>\n<p class=\"not-prose w-full rounded font-mono text-sm font-extralight\"><span style=\"font-size: inherit; font-family: inherit; background: transparent; color: #4d4d4c; border-radius: 3px; display: flex; line-height: 1.42857; overflow-x: auto; white-space: pre;\"><code style=\"white-space: pre-wrap; font-size: inherit; font-family: inherit; line-height: 1.66667; padding: 8px;\"><span style=\"opacity: 1; font-size: inherit; line-height: 1.42857; color: #4d4d4c; background-color: transparent; flex-shrink: 0; padding: 8px; text-align: right; user-select: none;\"><span class=\"token token punctuation\" style=\"color: #4d4d4c;\"><\/span><span class=\"token token\" style=\"color: #4d4d4c;\"><\/span><\/span><span style=\"white-space: pre;\"><\/span><span style=\"white-space: normal;\"><span style=\"opacity: 1; font-size: inherit; line-height: 1.42857; color: #4d4d4c; background-color: transparent; flex-shrink: 0; padding: 8px; text-align: right; user-select: none;\"><span class=\"token token\" style=\"color: #4d4d4c;\"><\/span><\/span>                <div class=\"ml-embedded\" data-form=\"vxmIvJ\"><\/div>\n            <\/span><\/code><\/span><span style=\"font-size: inherit; font-family: inherit; background: transparent; color: #4d4d4c; border-radius: 3px; display: flex; line-height: 1.42857; overflow-x: auto; white-space: pre;\"><\/span><\/p>\n<p>[\/et_pb_text][et_pb_code _builder_version=\u00bb4.25.2&#8243; _module_preset=\u00bbdefault\u00bb global_colors_info=\u00bb{}\u00bb]<\/p>\n<style><!-- [et_pb_line_break_holder] -->#mlb2-15673543.ml-form-embedContainer .ml-form-embedWrapper .ml-form-embedBody .ml-form-embedSubmit button {<!-- [et_pb_line_break_holder] -->background-color: #9a2435 !important;<!-- [et_pb_line_break_holder] -->}<!-- [et_pb_line_break_holder] -->  <!-- [et_pb_line_break_holder] -->  #mlb2-15673543.ml-form-embedContainer .ml-form-embedWrapper .ml-form-embedBody .ml-form-embedContent h4, #mlb2-15673543.ml-form-embedContainer .ml-form-embedWrapper .ml-form-successBody .ml-form-successContent h4 {<!-- [et_pb_line_break_holder] -->color: #9a2435;<!-- [et_pb_line_break_holder] -->font-family: 'Open Sans', Arial, Helvetica, sans-serif;<!-- [et_pb_line_break_holder] -->font-weight: 800;<!-- [et_pb_line_break_holder] -->}<!-- [et_pb_line_break_holder] -->  <!-- [et_pb_line_break_holder] -->  <!-- [et_pb_line_break_holder] --><\/style>\n<p>[\/et_pb_code][\/et_pb_column][\/et_pb_row][\/et_pb_section]<\/p>\n<span class=\"et_bloom_bottom_trigger\"><\/span>","protected":false},"excerpt":{"rendered":"<p>Humanzine: El magazine para empresas que encuentran oportunidades en la informaci\u00f3n que otros pasar\u00edan por alto.\u00bfSabes qu\u00e9 es un cisne negro? Son situaciones impredecibles que ejercen gran presi\u00f3n y cambio en la mayor\u00eda de los sectores y tienen un gran impacto en la sociedad. Como por ejemplo la crisis del 2008 o la pandemia que, [&hellip;]<\/p>\n","protected":false},"author":3,"featured_media":0,"parent":0,"menu_order":0,"comment_status":"closed","ping_status":"closed","template":"","meta":{"_et_pb_use_builder":"on","_et_pb_old_content":"[mailerlite_form form_id=2]","_et_gb_content_width":"","inline_featured_image":false,"footnotes":""},"class_list":["post-906","page","type-page","status-publish","hentry"],"yoast_head":"<!-- This site is optimized with the Yoast SEO plugin v27.5 - https:\/\/yoast.com\/product\/yoast-seo-wordpress\/ -->\n<title>Suscr\u00edbete a nuestra newsletter. - Human &amp; Brave<\/title>\n<meta name=\"robots\" content=\"index, follow, max-snippet:-1, max-image-preview:large, max-video-preview:-1\" \/>\n<link rel=\"canonical\" href=\"https:\/\/www.humanandbrave.com\/en\/suscribete\/\" \/>\n<meta property=\"og:locale\" content=\"en_GB\" \/>\n<meta property=\"og:type\" content=\"article\" \/>\n<meta property=\"og:title\" content=\"Suscr\u00edbete a nuestra newsletter. - Human &amp; Brave\" \/>\n<meta property=\"og:description\" content=\"Humanzine: El magazine para empresas que encuentran oportunidades en la informaci\u00f3n que otros pasar\u00edan por alto.\u00bfSabes qu\u00e9 es un cisne negro? Son situaciones impredecibles que ejercen gran presi\u00f3n y cambio en la mayor\u00eda de los sectores y tienen un gran impacto en la sociedad. Como por ejemplo la crisis del 2008 o la pandemia que, [&hellip;]\" \/>\n<meta property=\"og:url\" content=\"https:\/\/www.humanandbrave.com\/en\/suscribete\/\" \/>\n<meta property=\"og:site_name\" content=\"Human &amp; Brave\" \/>\n<meta property=\"article:publisher\" content=\"https:\/\/www.facebook.com\/humanandbrave\/\" \/>\n<meta property=\"article:modified_time\" content=\"2025-03-24T10:49:53+00:00\" \/>\n<meta name=\"twitter:card\" content=\"summary_large_image\" \/>\n<script type=\"application\/ld+json\" class=\"yoast-schema-graph\">{\"@context\":\"https:\\\/\\\/schema.org\",\"@graph\":[{\"@type\":\"WebPage\",\"@id\":\"https:\\\/\\\/www.humanandbrave.com\\\/suscribete\\\/\",\"url\":\"https:\\\/\\\/www.humanandbrave.com\\\/suscribete\\\/\",\"name\":\"Suscr\u00edbete a nuestra newsletter. - Human &amp; Brave\",\"isPartOf\":{\"@id\":\"https:\\\/\\\/www.humanandbrave.com\\\/#website\"},\"datePublished\":\"2024-06-16T08:37:23+00:00\",\"dateModified\":\"2025-03-24T10:49:53+00:00\",\"breadcrumb\":{\"@id\":\"https:\\\/\\\/www.humanandbrave.com\\\/suscribete\\\/#breadcrumb\"},\"inLanguage\":\"en-GB\",\"potentialAction\":[{\"@type\":\"ReadAction\",\"target\":[\"https:\\\/\\\/www.humanandbrave.com\\\/suscribete\\\/\"]}]},{\"@type\":\"BreadcrumbList\",\"@id\":\"https:\\\/\\\/www.humanandbrave.com\\\/suscribete\\\/#breadcrumb\",\"itemListElement\":[{\"@type\":\"ListItem\",\"position\":1,\"name\":\"Portada\",\"item\":\"https:\\\/\\\/www.humanandbrave.com\\\/\"},{\"@type\":\"ListItem\",\"position\":2,\"name\":\"Suscr\u00edbete a nuestra newsletter.\"}]},{\"@type\":\"WebSite\",\"@id\":\"https:\\\/\\\/www.humanandbrave.com\\\/#website\",\"url\":\"https:\\\/\\\/www.humanandbrave.com\\\/\",\"name\":\"Human & Brave\",\"description\":\"Chequeo de Salud Empresarial&reg;\",\"potentialAction\":[{\"@type\":\"SearchAction\",\"target\":{\"@type\":\"EntryPoint\",\"urlTemplate\":\"https:\\\/\\\/www.humanandbrave.com\\\/?s={search_term_string}\"},\"query-input\":{\"@type\":\"PropertyValueSpecification\",\"valueRequired\":true,\"valueName\":\"search_term_string\"}}],\"inLanguage\":\"en-GB\"}]}<\/script>\n<!-- \/ Yoast SEO plugin. -->","yoast_head_json":{"title":"Suscr\u00edbete a nuestra newsletter. - Human &amp; Brave","robots":{"index":"index","follow":"follow","max-snippet":"max-snippet:-1","max-image-preview":"max-image-preview:large","max-video-preview":"max-video-preview:-1"},"canonical":"https:\/\/www.humanandbrave.com\/en\/suscribete\/","og_locale":"en_GB","og_type":"article","og_title":"Suscr\u00edbete a nuestra newsletter. - Human &amp; Brave","og_description":"Humanzine: El magazine para empresas que encuentran oportunidades en la informaci\u00f3n que otros pasar\u00edan por alto.\u00bfSabes qu\u00e9 es un cisne negro? Son situaciones impredecibles que ejercen gran presi\u00f3n y cambio en la mayor\u00eda de los sectores y tienen un gran impacto en la sociedad. Como por ejemplo la crisis del 2008 o la pandemia que, [&hellip;]","og_url":"https:\/\/www.humanandbrave.com\/en\/suscribete\/","og_site_name":"Human &amp; Brave","article_publisher":"https:\/\/www.facebook.com\/humanandbrave\/","article_modified_time":"2025-03-24T10:49:53+00:00","twitter_card":"summary_large_image","schema":{"@context":"https:\/\/schema.org","@graph":[{"@type":"WebPage","@id":"https:\/\/www.humanandbrave.com\/suscribete\/","url":"https:\/\/www.humanandbrave.com\/suscribete\/","name":"Suscr\u00edbete a nuestra newsletter. - Human &amp; Brave","isPartOf":{"@id":"https:\/\/www.humanandbrave.com\/#website"},"datePublished":"2024-06-16T08:37:23+00:00","dateModified":"2025-03-24T10:49:53+00:00","breadcrumb":{"@id":"https:\/\/www.humanandbrave.com\/suscribete\/#breadcrumb"},"inLanguage":"en-GB","potentialAction":[{"@type":"ReadAction","target":["https:\/\/www.humanandbrave.com\/suscribete\/"]}]},{"@type":"BreadcrumbList","@id":"https:\/\/www.humanandbrave.com\/suscribete\/#breadcrumb","itemListElement":[{"@type":"ListItem","position":1,"name":"Portada","item":"https:\/\/www.humanandbrave.com\/"},{"@type":"ListItem","position":2,"name":"Suscr\u00edbete a nuestra newsletter."}]},{"@type":"WebSite","@id":"https:\/\/www.humanandbrave.com\/#website","url":"https:\/\/www.humanandbrave.com\/","name":"Human & Brave","description":"Chequeo de Salud Empresarial&reg;","potentialAction":[{"@type":"SearchAction","target":{"@type":"EntryPoint","urlTemplate":"https:\/\/www.humanandbrave.com\/?s={search_term_string}"},"query-input":{"@type":"PropertyValueSpecification","valueRequired":true,"valueName":"search_term_string"}}],"inLanguage":"en-GB"}]}},"_links":{"self":[{"href":"https:\/\/www.humanandbrave.com\/en\/wp-json\/wp\/v2\/pages\/906","targetHints":{"allow":["GET"]}}],"collection":[{"href":"https:\/\/www.humanandbrave.com\/en\/wp-json\/wp\/v2\/pages"}],"about":[{"href":"https:\/\/www.humanandbrave.com\/en\/wp-json\/wp\/v2\/types\/page"}],"author":[{"embeddable":true,"href":"https:\/\/www.humanandbrave.com\/en\/wp-json\/wp\/v2\/users\/3"}],"replies":[{"embeddable":true,"href":"https:\/\/www.humanandbrave.com\/en\/wp-json\/wp\/v2\/comments?post=906"}],"version-history":[{"count":26,"href":"https:\/\/www.humanandbrave.com\/en\/wp-json\/wp\/v2\/pages\/906\/revisions"}],"predecessor-version":[{"id":1220,"href":"https:\/\/www.humanandbrave.com\/en\/wp-json\/wp\/v2\/pages\/906\/revisions\/1220"}],"wp:attachment":[{"href":"https:\/\/www.humanandbrave.com\/en\/wp-json\/wp\/v2\/media?parent=906"}],"curies":[{"name":"wp","href":"https:\/\/api.w.org\/{rel}","templated":true}]}}